{"id":10601,"date":"2020-05-02T13:18:16","date_gmt":"2020-05-02T13:18:16","guid":{"rendered":"https:\/\/www.sankt-peter-koeln.de\/wp\/?page_id=10601"},"modified":"2020-05-02T13:33:21","modified_gmt":"2020-05-02T13:33:21","slug":"konzertarchiv-2017","status":"publish","type":"page","link":"https:\/\/www.sankt-peter-koeln.de\/wp\/musik\/konzertarchiv\/konzertarchiv-2017\/","title":{"rendered":"Konzertarchiv 2017"},"content":{"rendered":"<p><strong>2017<\/strong><\/p>\n<p>&nbsp;<\/p>\n<p>1. Januar 2017 &#8211; 19.30 Uhr<br \/>\nJanuar-Improvisationen &#8222;Neujahr&#8220;<br \/>\nDominik Susteck, Orgel<\/p>\n<p>&nbsp;<\/p>\n<p>7. Januar 2017 &#8211; 13 Uhr<br \/>\n58. Lunchkonzert, Werke von Messiaen (aus: Vingt Regards)<br \/>\nFrank Oidtmann (T\u00fcbingen), Klavier<\/p>\n<p>&nbsp;<\/p>\n<p>14. Januar 2017 &#8211; 13 Uhr<br \/>\n59. Lunchkonzert orgel-mixturen lunch<br \/>\nP\u00e4rt, Pelzel, Hosokawa<br \/>\nMichael Pelzel (CH-St\u00e4fa), Orgel<\/p>\n<p>&nbsp;<\/p>\n<p>21. Januar 2017 &#8211; 13 Uhr<br \/>\n60. Lunchkonzert<br \/>\nSabine Akiko Ahrendt, Violine, Florian Zwissler, Synthesizer,<br \/>\nEtienne Niellesen, prep.\u00a0Snaredrum<\/p>\n<p>&nbsp;<\/p>\n<p><a href=\"https:\/\/www.sankt-peter-koeln.de\/wp\/?page_id=8522\">22. Januar 2017 &#8211; 16 Uhr<br \/>\nOrgelkonzert der Bisch\u00f6flichen Kirchenmusikschule Essen<br \/>\nDominik Susteck: Zeichen<br \/>\nTomislav Barbaric, Alexander Gr\u00fcn, Natalie Mol, Tobias Seidel, Matija Vudjan<\/a><\/p>\n<p>&nbsp;<\/p>\n<p>28. Januar 2017 &#8211; 13 Uhr<br \/>\n61. Lunchkonzert\u00a0orgel-mixturen lunch<br \/>\nH\u00f6lszky, Lienenk\u00e4mper, Susteck<br \/>\nIrene Kurka (D\u00fcsseldorf), Sopran und<br \/>\nMaximilian Schnaus (Berlin), Orgel<\/p>\n<p>&nbsp;<\/p>\n<p>31. Januar 2017 &#8211; 19.30 Uhr<br \/>\nON Neue Musik K\u00f6ln<br \/>\nErik Bosgraaf (Blockfl\u00f6te) und Izhar Elias (Gitarre)<br \/>\nWerke von\u00a0Toru Takemitsu, Antti Auvinen und Tomi R\u00e4is\u00e4nen<\/p>\n<p>&nbsp;<\/p>\n<p>4. Februar 2017 &#8211; 13 Uhr<br \/>\n62. Lunchkonzert Chorkonzert<br \/>\nOnzemble Coeln, Ltg. Patrick Cellnik<\/p>\n<p>&nbsp;<\/p>\n<p>5. Februar 2017 &#8211; 19.30 Uhr<br \/>\nFebruar-Improvisationen<br \/>\nDominik Susteck, Orgel<\/p>\n<p>&nbsp;<\/p>\n<p>11. Februar 2017 &#8211; 13 Uhr<br \/>\n63. Lunchkonzert, Hochschule f\u00fcr Musik und Tanz K\u00f6ln<br \/>\nHambraeus, Scelsi, Susteck<br \/>\nCharlotte Noreiks, Sopran, Alina Gehlen, Hanna G\u00f6pfert und<br \/>\nRobert Hogrebe, Orgel<\/p>\n<p>&nbsp;<\/p>\n<p>18. Februar 2017 &#8211; 13 Uhr<br \/>\n64. Lunchkonzert\u00a0orgel-mixturen lunch<br \/>\nMaintz,\u00a0Kosviner, Jordan<br \/>\nBarry Jordan (Magdeburg)<\/p>\n<p>&nbsp;<\/p>\n<p>&nbsp;<\/p>\n<p>25. Februar 2017 &#8211; 13 Uhr<br \/>\n65. Lunchkonzert orgel-mixturen lunch<br \/>\nGubaidulina, Scelsi und Brandm\u00fcller<br \/>\nMichael Bottenhorn (Bonn)<\/p>\n<p>&nbsp;<\/p>\n<p>1. M\u00e4rz 2017 &#8211; 20 Uhr<br \/>\nAschermittwoch der K\u00fcnstler<\/p>\n<p>&nbsp;<\/p>\n<p>4. M\u00e4rz 2017 &#8211; 13 Uhr<br \/>\n66. Lunchkonzert<br \/>\nWerke von\u00a0Jonathan Harvey,\u00a0Elena Rykova, Klaus Huber u.a.<br \/>\nAnnegret Mayer-Lindenberg, Viola<\/p>\n<p>&nbsp;<\/p>\n<p>5. M\u00e4rz 2017 &#8211; 19.30 Uhr<br \/>\nM\u00e4rz-Improvisationen<br \/>\nDominik Susteck, Orgel<br \/>\nGerhard Kern, Midi-Instrumente<\/p>\n<p>&nbsp;<\/p>\n<p>11. M\u00e4rz 2017 &#8211; 13 Uhr<br \/>\n67. Lunchkonzert\u00a0orgel-mixturen lunch<br \/>\nWerke von Hambraeus, Hespos u.a.<br \/>\nPascale Van Coppenolle (CH-Biel), Orgel<\/p>\n<p>&nbsp;<\/p>\n<p>17. M\u00e4rz 2017 &#8211; 20-22 Uhr<br \/>\nNachtRaumStille &#8211;\u00a010 Minuten Orgelakzent<br \/>\n20 h: Dominik Axtmann (Karlsruhe)<br \/>\n21 h: Sebastian K\u00fcchler-Blessing (Essen)<br \/>\n22 h:\u00a0Holger Weimbs (Z\u00fclpich)<\/p>\n<p>&nbsp;<\/p>\n<p>18. M\u00e4rz 2017 &#8211; 13 Uhr<br \/>\n68. Lunchkonzert<br \/>\nWerke von Kurtag, Susteck u.a.<br \/>\nNare Karoyan, Klavier<\/p>\n<p>&nbsp;<\/p>\n<p>25. M\u00e4rz 2017 &#8211; 13 Uhr<br \/>\n69. Lunchkonzert\u00a0orgel-mixturen lunch<br \/>\nDominik Susteck: Zeichen (2016)<br \/>\nChristof P\u00fclsch (Bielefeld)<\/p>\n<p>&nbsp;<\/p>\n<p>1. April 2017 &#8211; 13 Uhr<br \/>\n70. Lunchkonzert<br \/>\nWerke von Lienenk\u00e4mper, Williams, Streich<br \/>\nBurkart Zeller, Cello<br \/>\nIrene Kurka, Sopran<\/p>\n<p>&nbsp;<\/p>\n<p>2. April\u00a02017 &#8211; 19.30 Uhr<br \/>\nApril-Improvisationen<br \/>\nDominik Susteck, Orgel<\/p>\n<p>&nbsp;<\/p>\n<p>8. April 2017 &#8211; 13 Uhr<br \/>\nPeoples Age (UA)<br \/>\nLudwig Abraham und\u00a0Andy Ingamells<\/p>\n<p>&nbsp;<\/p>\n<p>9. April 2017 &#8211; 15.30 Uhr<br \/>\nOrgelkonzert mit Dominik Susteck<br \/>\nRie Watanabe, Schlagzeug<br \/>\nGerald Eckert (UA), Yasuko Inamori (UA)<br \/>\nForum Neuer Musik des DLF<\/p>\n<p>&nbsp;<\/p>\n<p>15. April 2017 &#8211; 23 Uhr<br \/>\nOsternacht<br \/>\nKlanginstallation von Simon Rummel und Tina Tonagel<br \/>\nWeitere Auff\u00fchrungen 16. und 17. April<br \/>\njeweils ca. 13 Uhr nach den Ostermessen<\/p>\n<p>&nbsp;<\/p>\n<p>29. April 2017 &#8211; 13 Uhr<br \/>\n72. Lunchkonzert<br \/>\nWerke von Herchet und Weissgerber<br \/>\nReimund B\u00f6hmig, Lydia Weissgerber, Orgel<\/p>\n<p>&nbsp;<\/p>\n<p><a href=\"https:\/\/www.sankt-peter-koeln.de\/wp\/musik-2017\/acht-bruecken\/\">4. Mai 2017 &#8211; 18 Uhr<\/a><br \/>\n<a href=\"https:\/\/www.sankt-peter-koeln.de\/wp\/musik-2017\/acht-bruecken\/\">ON Acht Br\u00fccken<\/a><br \/>\n<a href=\"https:\/\/www.sankt-peter-koeln.de\/wp\/musik-2017\/acht-bruecken\/\">Werke von\u00a0Oberm\u00fcller,\u00a0Saariaho, K\u00f6szeghy u.a.<\/a><br \/>\n<a href=\"https:\/\/www.sankt-peter-koeln.de\/wp\/musik-2017\/acht-bruecken\/\">Camilla Hoitenga, Fl\u00f6te<\/a><\/p>\n<p>&nbsp;<\/p>\n<p>13. Mai 2017 &#8211; 13 Uhr<br \/>\n73. Lunchkonzert<br \/>\nBRuCH &#8211; Sally Beck (Fl\u00f6te), Ella Rohwer (Cello),<br \/>\nClaudia Chan (Klavier) und Marie Heeschen (Sopran)<br \/>\nMit freundlicher Unterst\u00fctzung der Carl D\u00f6rken Stiftung<\/p>\n<p>&nbsp;<\/p>\n<p>20. Mai 2017 &#8211; 13 Uhr<br \/>\n74. Lunchkonzert<br \/>\nWerke von Susteck, Bongartz u.a.<br \/>\nMarkus Bongartz (Berlin), Violine<br \/>\nDominik Susteck, Orgel<\/p>\n<p>&nbsp;<\/p>\n<p>27. Mai 2017 &#8211; 13 Uhr<br \/>\n75. Lunchkonzert<br \/>\nWerke von\u00a0Sarah Nemtsov, Hilda Paredes<br \/>\nund Gerhard M\u00fcller-Hornbach<br \/>\nSabine Ambos, Blockfl\u00f6te<\/p>\n<p>&nbsp;<\/p>\n<p>3. Juni 2017 &#8211; 13 Uhr<br \/>\n76. Lunchkonzert<br \/>\nGabriel Iranyi &#8211; Wie man zum Stein spricht &#8211; CD-Vorstellung<br \/>\nSabine Akiko Ahrendt, Violine<br \/>\nDominik Susteck, Orgel<\/p>\n<p>&nbsp;<\/p>\n<p>4. Juni\u00a02017 &#8211; 19.30 Uhr<br \/>\nJuni-Improvisationen<br \/>\nDominik Susteck, Orgel<\/p>\n<p>&nbsp;<\/p>\n<p>10. Juni 2017 &#8211; 13 Uhr<br \/>\n77. Lunchkonzert<br \/>\nPhilippe Manoury: La ville (&#8230;premiere sonate&#8230;) (2003\/5)<br \/>\nMartin von der Heydt (Essen), Klavier<\/p>\n<p>&nbsp;<\/p>\n<p>17. Juni 2017 &#8211; 13 Uhr<br \/>\n78. Lunchkonzert<br \/>\nWerke von Scelsi, Johnson, Finnissy<br \/>\nSarah Saviet (Violine)<\/p>\n<p>&nbsp;<\/p>\n<p>22. Juni 2017 &#8211; 22 Uhr<br \/>\nRomanischer Sommer K\u00f6ln<br \/>\nLa Monte Young &#8211; &#8222;Dreamday&#8220;<\/p>\n<p>&nbsp;<\/p>\n<p>24. Juni 2017 &#8211; 13 Uhr<br \/>\n79. Lunchkonzert &#8211; 13 Uhr<br \/>\nHochschule f\u00fcr Musik und Tanz K\u00f6ln<\/p>\n<p>&nbsp;<\/p>\n<p>1. Juli 2017 &#8211; 13 Uhr<br \/>\n80. Lunchkonzert<br \/>\nWerke von\u00a0Pagh Paan und Haussmann<br \/>\nMarko Kassl, Akkordeon, Irene Kurka, Sopran<\/p>\n<p>&nbsp;<\/p>\n<p>2. Juli\u00a02017 &#8211; 19.30 Uhr<br \/>\nJuli-Improvisationen<br \/>\nDominik Susteck, Orgel<\/p>\n<p>&nbsp;<\/p>\n<p>5. Juli 2017 &#8211; 19.30 Uhr<br \/>\nON Neue Musik K\u00f6ln<br \/>\nElnaz Seyedi &#8211;\u00a0A very close look from far away<br \/>\nMusiktheater<\/p>\n<p>&nbsp;<\/p>\n<p>8. Juli 2017 &#8211; 13 Uhr<br \/>\n81. Lunchkonzert<br \/>\nWolfgang Kogert (Wien), Orgel<\/p>\n<p>&nbsp;<\/p>\n<p>2. September 2017 &#8211; 13 Uhr<br \/>\n82. Lunchkonzert<br \/>\nEnsemble S201 (Essen)<\/p>\n<p>&nbsp;<\/p>\n<p>3. September 2017 &#8211; 19.30 Uhr<br \/>\nSeptember-Improvisationen<br \/>\nDominik Susteck, Orgel<\/p>\n<p>&nbsp;<\/p>\n<p>9. September 2017 &#8211; 13 Uhr<br \/>\norgel-mixturen Lunchkonzert<br \/>\nThomas Lac\u00f4te (Paris)<\/p>\n<p>&nbsp;<\/p>\n<p>16. September 2017 &#8211; 13 Uhr<br \/>\n84. Lunchkonzert &#8211; orgel-mixturen<br \/>\nWerke von Inamori (UA) Kuhl und Bogacz<br \/>\nJan Esra Kuhl (Freiburg), Orgel<br \/>\nVladimir Guicheff Bogacz, Trompete<\/p>\n<p>&nbsp;<\/p>\n<p>23. September 2017 &#8211; 13 Uhr<br \/>\n85. Lunchkonzert &#8211; orgel-mixturen<br \/>\nStefan Baier\u00a0(Regensburg), Orgel<\/p>\n<p>&nbsp;<\/p>\n<p>30. September 2017 &#8211; 13 Uhr<br \/>\n86. Lunchkonzert &#8211; orgel-mixturen<br \/>\nGespr\u00e4ch mit dem Composer in Residence<br \/>\nEres Holz<\/p>\n<p>&nbsp;<\/p>\n<p>30. September 2017 &#8211; 18-20 Uhr<br \/>\nK\u00f6lner Musiknacht<br \/>\n18 und 19 Uhr Scott Fields<br \/>\n20 Uhr Michael Sattelberger und Helmut Hergarten<\/p>\n<p>&nbsp;<\/p>\n<p>1. Oktober 2017 &#8211; 19.30 Uhr<br \/>\norgel-mixturen<br \/>\nHolz (UA), Hambraeus u.a.<br \/>\nDominik Susteck, Orgel<\/p>\n<p>&nbsp;<\/p>\n<p>2. Oktober 2017 &#8211; 11-15 Uhr<br \/>\nFortbildung des Erzbistums K\u00f6ln \/ orgel-mixturen<br \/>\nLigeti \u2013 Kagel \u2013 Hambraeus<br \/>\nInitiation und Geschichte der<br \/>\nzeitgen\u00f6ssischen Orgelmusik<\/p>\n<p>&nbsp;<\/p>\n<p>3. Oktober 2017 &#8211; 19.30 Uhr<br \/>\norgel-mixturen<br \/>\nKensuke Ohira (Japan), Orgel<\/p>\n<p>&nbsp;<\/p>\n<p>7. Oktober 2017 &#8211; 13 Uhr<br \/>\n87. Lunchkonzert &#8211; orgel-mixturen<br \/>\nZsigmond Szathm\u00e1ry (Freiburg), Orgel<\/p>\n<p>&nbsp;<\/p>\n<p>14. Oktober 2017 &#8211; 13 Uhr<br \/>\n88. Lunchkonzert<br \/>\nKlavier und Elektronik von Prasqual<\/p>\n<p>&nbsp;<\/p>\n<p>18. Oktober 2017 &#8211; 19.30 Uhr<br \/>\nVerleihung des Bernd Alois Zimmermann Stipendiums<br \/>\nder Stadt K\u00f6ln an Elnaz Seyedi<\/p>\n<p>&nbsp;<\/p>\n<p>21. Oktober 2017 &#8211; 13 Uhr<br \/>\n89. Lunchkonzert<br \/>\nMartin Wistinghausen, Bass<br \/>\nWerke von Kr\u00fcger, Kopp u.a.<\/p>\n<p>&nbsp;<\/p>\n<p>28. Oktober\u00a02017 &#8211; 13 Uhr<br \/>\n90. Lunchkonzert &#8211; orgel-mixturen<br \/>\nBerio, Waller, Kurtag<br \/>\nAge-Freerk Bokma (Berlin), Orgel<\/p>\n<p>&nbsp;<\/p>\n<p>&nbsp;<\/p>\n<p>31. Oktober 2017 (Reformationstag) &#8211; 13 Uhr<br \/>\n91. Lunchkonzert<br \/>\nTobias Aehlig (Paderborn), Orgel<br \/>\nCD Pr\u00e4sentation Dominik Susteck &#8211; Zeitfiguren<br \/>\nJan Welmers &#8211; Sequens aus dem Paderborner Dom<\/p>\n<p>&nbsp;<\/p>\n<p>3. November 2017 &#8211; 19.30 Uhr<br \/>\nDER HUNGERK\u00dcNSTLER<br \/>\nMusiktheater von Yang Song (China)<br \/>\nensemble hand werk<\/p>\n<p>&nbsp;<\/p>\n<p>4. November 2017 &#8211; 13 Uhr<br \/>\n92. Lunchkonzert\u00a0&#8211; orgel-mixturen<br \/>\nEinf\u00fchrung zum Konzert am 5.11.<br \/>\nPier Damiano Peretti<\/p>\n<p>&nbsp;<\/p>\n<p>5. November 2017 &#8211; 19.30 Uhr<br \/>\norgel-mixturen<br \/>\nPier Damiano Peretti (Wien), Orgel<\/p>\n<p>&nbsp;<\/p>\n<p>10. November 2017 &#8211; 19.30 Uhr<br \/>\n<span id=\"yui_3_16_0_ym19_1_1494067556970_26527\">Eloy \u2013 <i id=\"yui_3_16_0_ym19_1_1494067556970_26529\">Musik mit Bildern der Isolation\u00a0<\/i><\/span><span id=\"yui_3_16_0_ym19_1_1494067556970_26536\"><br \/>\n<\/span>Musiktheater by Francisco C. Goldschmidt<br \/>\nKOMMAS ENSEMBLE<br \/>\nNicolas Rupcich, Video<br \/>\nGuillermo Rivera, Text<br \/>\nChristian Wischnjewsky, Stimme<\/p>\n<p>&nbsp;<\/p>\n<p>18. November 2017 &#8211; 13 Uhr<br \/>\n93. Lunchkonzert<br \/>\nGy\u00f6rgy Ligeti &#8211; Volumina u.a.<br \/>\nDominik Susteck, Orgel<\/p>\n<p>&nbsp;<\/p>\n<p>22. November 2017 &#8211; 19.30 Uhr<br \/>\n&#8222;Viola d&#8217;amore JETZT!&#8220;<br \/>\nWerke von Pfeifer, Rummel etc.<br \/>\nAnnegret Mayer-Lindenberg, Viola d&#8217;amore<\/p>\n<p>&nbsp;<\/p>\n<p>24. November 2017 &#8211; 19h, 20.30h und 22h<br \/>\nJulius Eastman. Right thought, speech and action&#8230;<br \/>\nEine Konzertnacht<br \/>\nEnsemble\u00a0TRA I TEMPI<\/p>\n<p>&nbsp;<\/p>\n<p>25. November 2017 &#8211; 13 Uhr<br \/>\n94. Lunchkonzert<br \/>\nWerke von Luis Antunes Pena, Steffen Krebber u.a.<br \/>\nNiklas Seidl, Cello<\/p>\n<p>&nbsp;<\/p>\n<p>2. Dezember 2017 &#8211; 13 Uhr<br \/>\n95. Lunchkonzert<br \/>\nSchola an Sankt Peter mit Werken von Peter Bares u.a.<br \/>\nNare Karoyan, Klavier, Dominik Susteck, Leitung und Orgel<\/p>\n<p>&nbsp;<\/p>\n<p>3. Dezember 2017 &#8211; 19.30 Uhr<br \/>\nDezember-Improvisationen<br \/>\nDominik Susteck, Orgel<\/p>\n<p>&nbsp;<\/p>\n<p>6. Dezember 2017 &#8211; 19.30 Uhr<br \/>\nlingua franca<br \/>\nCajlan-Wissel-Nillesen<\/p>\n<p>&nbsp;<\/p>\n<p>9. Dezember 2017 &#8211; 13 Uhr<br \/>\n96. Lunchkonzert<br \/>\nStudierende der Hochschule f\u00fcr Kirchenmusik Regensburg<br \/>\nSebastian Gress, Agustin Mejia Vargas, Veit Pitlok, Orgel<\/p>\n<p>&nbsp;<\/p>\n<p>&nbsp;<\/p>\n<p>31. Dezember 2017 &#8211; 22.30 Uhr<br \/>\nSilvesterkonzert<br \/>\nJohn Cage &#8211; Organ2\/Aslsp<br \/>\nDominik Susteck, Orgel<\/p>\n<p>&nbsp;<\/p>\n<p>&nbsp;<\/p>\n<p>&nbsp;<\/p>\n","protected":false},"excerpt":{"rendered":"<p>2017 &nbsp; 1. Januar 2017 &#8211; 19.30 Uhr Januar-Improvisationen &#8222;Neujahr&#8220; Dominik Susteck, Orgel &nbsp; 7. Januar 2017 &#8211; 13 Uhr 58. Lunchkonzert, Werke von Messiaen (aus: Vingt Regards) Frank Oidtmann (T\u00fcbingen), Klavier &nbsp; 14. Januar 2017 &#8211; 13 Uhr 59. Lunchkonzert orgel-mixturen lunch P\u00e4rt, Pelzel, Hosokawa Michael Pelzel (CH-St\u00e4fa), Orgel &nbsp; 21. Januar 2017 &#8211; [&hellip;]<\/p>\n","protected":false},"author":4,"featured_media":1197,"parent":10562,"menu_order":77,"comment_status":"closed","ping_status":"closed","template":"","meta":[],"_links":{"self":[{"href":"https:\/\/www.sankt-peter-koeln.de\/wp\/wp-json\/wp\/v2\/pages\/10601"}],"collection":[{"href":"https:\/\/www.sankt-peter-koeln.de\/wp\/wp-json\/wp\/v2\/pages"}],"about":[{"href":"https:\/\/www.sankt-peter-koeln.de\/wp\/wp-json\/wp\/v2\/types\/page"}],"author":[{"embeddable":true,"href":"https:\/\/www.sankt-peter-koeln.de\/wp\/wp-json\/wp\/v2\/users\/4"}],"replies":[{"embeddable":true,"href":"https:\/\/www.sankt-peter-koeln.de\/wp\/wp-json\/wp\/v2\/comments?post=10601"}],"version-history":[{"count":3,"href":"https:\/\/www.sankt-peter-koeln.de\/wp\/wp-json\/wp\/v2\/pages\/10601\/revisions"}],"predecessor-version":[{"id":10620,"href":"https:\/\/www.sankt-peter-koeln.de\/wp\/wp-json\/wp\/v2\/pages\/10601\/revisions\/10620"}],"up":[{"embeddable":true,"href":"https:\/\/www.sankt-peter-koeln.de\/wp\/wp-json\/wp\/v2\/pages\/10562"}],"wp:featuredmedia":[{"embeddable":true,"href":"https:\/\/www.sankt-peter-koeln.de\/wp\/wp-json\/wp\/v2\/media\/1197"}],"wp:attachment":[{"href":"https:\/\/www.sankt-peter-koeln.de\/wp\/wp-json\/wp\/v2\/media?parent=10601"}],"curies":[{"name":"wp","href":"https:\/\/api.w.org\/{rel}","templated":true}]}}