{"id":11456,"date":"2021-04-02T08:14:45","date_gmt":"2021-04-02T08:14:45","guid":{"rendered":"https:\/\/www.sankt-peter-koeln.de\/wp\/?page_id=11456"},"modified":"2021-05-31T11:20:09","modified_gmt":"2021-05-31T11:20:09","slug":"tony-matelli","status":"publish","type":"page","link":"https:\/\/www.sankt-peter-koeln.de\/wp\/kunst-station\/kunst-archiv\/tony-matelli\/","title":{"rendered":"Tony Matelli &#8211; WEED"},"content":{"rendered":"<p><strong>Ostern 2021, Tony Matelli &#8211; WEED<br \/>\nAusstellung in der Kunst-Station Sankt Peter K\u00f6ln.<\/strong><br \/>\n&nbsp;<br \/>\nDie Kunst-Station Sankt Peter zeigt zu Ostern 2021 ein Wildkraut, das aus einer Fuge zwischen Wand und Boden herausw\u00e4chst. Die hyperrealistische Pflanze des K\u00fcnstlers Tony Matelli sieht aus wie ein Kraut, das unerw\u00fcnschter Weise Steine, Asphalt oder Beton durchbrochen hat und \u00fcblicherweise ausgerupft oder weggek\u00e4rchert wird. Dieses Kraut ist allerdings eine t\u00e4uschend echte Skulptur aus bemalter Bronze. Tony Matelli irritiert mit seiner Illusion von Natur, an unerwarteter Stelle, dem leeren Innenraum der Kirche Sankt Peter.<br \/>\n&nbsp;<br \/>\nDie unb\u00e4ndige Kraft der Natur, die sich durch alle zivilisatorischen Errungenschaften unserer modernen Welt durchsetzt ist ein \u00f6sterliches Bild: die Energie des Lebens, das sich gegen alle Erwartungen behauptet und ein kleines, aber starkes Zeichen einer aufbrechenden Hoffnung ist.<br \/>\n&nbsp;<br \/>\nErwarten und Hoffen \u2013 zwei Begriffe die uns nun ein Jahr in der COVID-19 Pandemie begleitet hat. Besonders in der Kunst- und Kulturwelt wechselt ein emotionales Bangen und Hoffen mit einem rationalen Abw\u00e4gen und Erwarten. Auch hierf\u00fcr steht die Ausstellung. Ein kleines, leicht zu \u00fcbersehendes Gr\u00fcn in der Kunst-Station feiert die R\u00fcckkehr der Bilder nach sieben Wochen Fastenzeit und Bildverh\u00fcllung. Es ist keine gro\u00dfe Osterfeier, kein Paukenschlag des Neuanfangs, kein Spektakel der Auferstehungshoffnung. Es ist nur ein Hinweis auf etwas Lebendiges, das immer noch und immer wieder w\u00e4chst.<br \/>\n&nbsp;<br \/>\nUnkr\u00e4uter sind ein Zeichen des Ungeplanten. Sie sind ein Bild f\u00fcr die unkontrollierbare Wildnis zwischen unseren \u00f6konomisch verwertbaren Nutzpflanzen. Die wilde Natur, die biblischen \u201eDisteln und Dornen\u201c stehen f\u00fcr die M\u00fchsal des sesshaft gewordenen Menschen. Sie durchkreuzen unsere Planung und unsere zivilisatorische Effizienz. Das ist auch ein Mandat der Kunst \u2013 und m\u00f6glicherweise \u00fcberhaupt der Kultur: Positionen gegen das Erwartbare und ein Zeichen Hoffnung an ungeplanten Orten.<br \/>\n&nbsp;<br \/>\nUngl\u00fccklicherweise &#8211; f\u00fcr mich zumindest &#8211; hat es der K\u00fcnstler sehr gut gemeint \u2013 und nicht ein beil\u00e4ufiges Kraut geschickt, sondern ein Heilkraut, der gelbe Sonnenhut, mit Bl\u00fcte! Da wird die Hoffnung schnell zur Osterdekoration. Der Irritation und der Faszination \u00fcber die faszinierende Arbeit tut das sicherlich keinen Abbruch. Wir stellen uns dem Unerwarteten und hoffen auf die heilende Wirkung der \u201eEchinacea Paradoxa\u201c. Das Ungeplante st\u00e4rkt nun nicht nur unser Immunsystem.<br \/>\n&nbsp;<br \/>\n<em>Kai Kullen<\/em><br \/>\n&nbsp;<br \/>\n&nbsp;<br \/>\n<img loading=\"lazy\" class=\"alignnone size-medium wp-image-11454\" src=\"https:\/\/www.sankt-peter-koeln.de\/wp\/wp-content\/uploads\/2021\/04\/tony_matelli_1-300x225.jpg\" alt=\"\" width=\"530\" height=\"398\" srcset=\"https:\/\/www.sankt-peter-koeln.de\/wp\/wp-content\/uploads\/2021\/04\/tony_matelli_1-300x225.jpg 300w, https:\/\/www.sankt-peter-koeln.de\/wp\/wp-content\/uploads\/2021\/04\/tony_matelli_1-1024x768.jpg 1024w, https:\/\/www.sankt-peter-koeln.de\/wp\/wp-content\/uploads\/2021\/04\/tony_matelli_1-768x576.jpg 768w, https:\/\/www.sankt-peter-koeln.de\/wp\/wp-content\/uploads\/2021\/04\/tony_matelli_1-1536x1152.jpg 1536w, https:\/\/www.sankt-peter-koeln.de\/wp\/wp-content\/uploads\/2021\/04\/tony_matelli_1-2048x1536.jpg 2048w\" sizes=\"(max-width: 530px) 100vw, 530px\" \/><\/p>\n","protected":false},"excerpt":{"rendered":"<p>Ostern 2021, Tony Matelli &#8211; WEED Ausstellung in der Kunst-Station Sankt Peter K\u00f6ln. &nbsp; Die Kunst-Station Sankt Peter zeigt zu Ostern 2021 ein Wildkraut, das aus einer Fuge zwischen Wand und Boden herausw\u00e4chst. Die hyperrealistische Pflanze des K\u00fcnstlers Tony Matelli sieht aus wie ein Kraut, das unerw\u00fcnschter Weise Steine, Asphalt oder Beton durchbrochen hat und [&hellip;]<\/p>\n","protected":false},"author":4,"featured_media":11455,"parent":3854,"menu_order":60,"comment_status":"closed","ping_status":"closed","template":"","meta":[],"_links":{"self":[{"href":"https:\/\/www.sankt-peter-koeln.de\/wp\/wp-json\/wp\/v2\/pages\/11456"}],"collection":[{"href":"https:\/\/www.sankt-peter-koeln.de\/wp\/wp-json\/wp\/v2\/pages"}],"about":[{"href":"https:\/\/www.sankt-peter-koeln.de\/wp\/wp-json\/wp\/v2\/types\/page"}],"author":[{"embeddable":true,"href":"https:\/\/www.sankt-peter-koeln.de\/wp\/wp-json\/wp\/v2\/users\/4"}],"replies":[{"embeddable":true,"href":"https:\/\/www.sankt-peter-koeln.de\/wp\/wp-json\/wp\/v2\/comments?post=11456"}],"version-history":[{"count":3,"href":"https:\/\/www.sankt-peter-koeln.de\/wp\/wp-json\/wp\/v2\/pages\/11456\/revisions"}],"predecessor-version":[{"id":11479,"href":"https:\/\/www.sankt-peter-koeln.de\/wp\/wp-json\/wp\/v2\/pages\/11456\/revisions\/11479"}],"up":[{"embeddable":true,"href":"https:\/\/www.sankt-peter-koeln.de\/wp\/wp-json\/wp\/v2\/pages\/3854"}],"wp:featuredmedia":[{"embeddable":true,"href":"https:\/\/www.sankt-peter-koeln.de\/wp\/wp-json\/wp\/v2\/media\/11455"}],"wp:attachment":[{"href":"https:\/\/www.sankt-peter-koeln.de\/wp\/wp-json\/wp\/v2\/media?parent=11456"}],"curies":[{"name":"wp","href":"https:\/\/api.w.org\/{rel}","templated":true}]}}