{"id":11733,"date":"2021-06-25T08:18:17","date_gmt":"2021-06-25T08:18:17","guid":{"rendered":"https:\/\/www.sankt-peter-koeln.de\/wp\/?page_id=11733"},"modified":"2022-01-10T16:04:42","modified_gmt":"2022-01-10T16:04:42","slug":"orgel-mixturen-2021-digitaler-orgelpunkt-1","status":"publish","type":"page","link":"https:\/\/www.sankt-peter-koeln.de\/wp\/musik\/musik-projekte\/musik-2021\/orgel-mixturen-2021-digitaler-orgelpunkt-1\/","title":{"rendered":"orgel-mixturen 2021 \u2013 digitaler Orgelpunkt 1"},"content":{"rendered":"<p><iframe loading=\"lazy\" width=\"880\" height=\"495\" src=\"https:\/\/www.youtube-nocookie.com\/embed\/GqZosJ4vWM8\" title=\"YouTube video player\" frameborder=\"0\" allow=\"accelerometer; autoplay; clipboard-write; encrypted-media; gyroscope; picture-in-picture\" allowfullscreen><\/iframe><br \/>\n&nbsp;<br \/>\n&nbsp;<br \/>\nFlavia Gianfreda (*1995): Piccola Fantasia<br \/>\nArvo P\u00e4rt (*1935): Pari Intervallo (Anl\u00e4\u00dflich des Todes von M.K.) 1980<br \/>\nMauricio Kagel (1931-2008): Rosalie aus &#8222;Rrrrrrr: 8 St\u00fccke f\u00fcr Orgel&#8220; 1980\/1981<br \/>\nMikael Tariverdiev (1931-1996): Basso Ostinato aus dem Organ Concerto N. 2<br \/>\n&nbsp;<br \/>\nFlavia Gianfreda, Orgel<br \/>\n&nbsp;<br \/>\n&nbsp;<br \/>\nFlavia Gianfreda hat 2018 die Bachelorabschluss im Konzertfach Orgel am Conservatorio di Musica \u201cS. Cecilia\u201d in Rom absolviert. Sie studierte dort bei Alessandro Licata. Sie hat im Konzert \u201cUn organo per Roma, Omaggio a Fernando Germani\u201d uraufgef\u00fchrt. Sie hat 2019 an den Erasmus+ Projekt teilgenommen. Seit 2020 studiert sie das Konzertfach Orgel im Masterstudiengang an der Hochschule f\u00fcr Musik und Tanz K\u00f6ln bei Prof. Dr. Winfried B\u00f6nig.<br \/>\n&nbsp;<br \/>\nMit freundlicher Unterst\u00fctzung des Kulturamts der Stadt K\u00f6ln und des Ministeriums f\u00fcr Kultur und Wissenschaft des Landes Nordrhein-Westfalen. <\/p>\n","protected":false},"excerpt":{"rendered":"<p>&nbsp; &nbsp; Flavia Gianfreda (*1995): Piccola Fantasia Arvo P\u00e4rt (*1935): Pari Intervallo (Anl\u00e4\u00dflich des Todes von M.K.) 1980 Mauricio Kagel (1931-2008): Rosalie aus &#8222;Rrrrrrr: 8 St\u00fccke f\u00fcr Orgel&#8220; 1980\/1981 Mikael Tariverdiev (1931-1996): Basso Ostinato aus dem Organ Concerto N. 2 &nbsp; Flavia Gianfreda, Orgel &nbsp; &nbsp; Flavia Gianfreda hat 2018 die Bachelorabschluss im Konzertfach Orgel [&hellip;]<\/p>\n","protected":false},"author":4,"featured_media":10701,"parent":12134,"menu_order":42,"comment_status":"closed","ping_status":"closed","template":"","meta":[],"_links":{"self":[{"href":"https:\/\/www.sankt-peter-koeln.de\/wp\/wp-json\/wp\/v2\/pages\/11733"}],"collection":[{"href":"https:\/\/www.sankt-peter-koeln.de\/wp\/wp-json\/wp\/v2\/pages"}],"about":[{"href":"https:\/\/www.sankt-peter-koeln.de\/wp\/wp-json\/wp\/v2\/types\/page"}],"author":[{"embeddable":true,"href":"https:\/\/www.sankt-peter-koeln.de\/wp\/wp-json\/wp\/v2\/users\/4"}],"replies":[{"embeddable":true,"href":"https:\/\/www.sankt-peter-koeln.de\/wp\/wp-json\/wp\/v2\/comments?post=11733"}],"version-history":[{"count":3,"href":"https:\/\/www.sankt-peter-koeln.de\/wp\/wp-json\/wp\/v2\/pages\/11733\/revisions"}],"predecessor-version":[{"id":11736,"href":"https:\/\/www.sankt-peter-koeln.de\/wp\/wp-json\/wp\/v2\/pages\/11733\/revisions\/11736"}],"up":[{"embeddable":true,"href":"https:\/\/www.sankt-peter-koeln.de\/wp\/wp-json\/wp\/v2\/pages\/12134"}],"wp:featuredmedia":[{"embeddable":true,"href":"https:\/\/www.sankt-peter-koeln.de\/wp\/wp-json\/wp\/v2\/media\/10701"}],"wp:attachment":[{"href":"https:\/\/www.sankt-peter-koeln.de\/wp\/wp-json\/wp\/v2\/media?parent=11733"}],"curies":[{"name":"wp","href":"https:\/\/api.w.org\/{rel}","templated":true}]}}