{"id":13892,"date":"2025-06-23T10:29:21","date_gmt":"2025-06-23T10:29:21","guid":{"rendered":"https:\/\/www.sankt-peter-koeln.de\/wp\/?page_id=13892"},"modified":"2026-01-20T20:13:40","modified_gmt":"2026-01-20T20:13:40","slug":"konzertarchiv-2025","status":"publish","type":"page","link":"https:\/\/www.sankt-peter-koeln.de\/wp\/musik\/konzertarchiv\/konzertarchiv-2025\/","title":{"rendered":"Konzertarchiv 2025"},"content":{"rendered":"<p><strong>M\u00e4rz<\/strong>. . . . . . . . . . . . . . . . . . . . . . . . . . . . . . . . . . . . . . . . . . . . . . . . . . . . . . . . . . . . . . . . . .<br \/>\n&nbsp;<br \/>\nSamstag, 8. M\u00e4rz, 13 Uhr<br \/>\n<em>Lunchkonzert: Neue St\u00fccke f\u00fcr Viola d&#8217;amore<\/em><br \/>\n\u2014 Werke von J.A.Buencamino, A. Grebtschenko u.a.<br \/>\n<em>Annegret Mayer-Lindenberg (Viola d&#8217;amore)<\/em><br \/>\n&nbsp;<br \/>\n&nbsp;<\/p>\n<p>Samstag, 15. M\u00e4rz, 13 Uhr<br \/>\n<em>Lunchkonzert: KLAUS HUBER UND SEIN VERH\u00c4LTNIS ZU JOHN CAGE<br \/>\nHommage zu seinem 100. Geburtstag<\/em><br \/>\n\u2014 Klaus Huber: Transpositio ad infinitum f\u00fcr ein virtuoses Solo-Violoncello (1976)<br \/>\n\u2014 John Cage: Etudes Boreales No. I f\u00fcr Violoncello solo (1978)<br \/>\n\u2014 Solo for &#8218;Cello&#8220; (1958)<br \/>\n\u2014 Klaus Huber: Ein Hauch von Unzeit (Plainte sur la perte de la r\u00e9flexion musicale) f\u00fcr Violoncello (1972)<br \/>\n<em>Friedrich Gauwerky (Violoncello)<\/em><br \/>\n&nbsp;<br \/>\n&nbsp;<\/p>\n<p>Samstag, 22. M\u00e4rz, 13 Uhr<br \/>\n<em>Lunchkonzert<\/em><br \/>\n\u2014 Salvatore Sciarrino (*1947): All\u2019aure in una lontananza (1977)<br \/>\n\u2014 Younghi Pagh-Paan (*1945): Rast in einem alten Kloster (1992\/1994)<br \/>\n\u2014 Brian Ferneyhough (*1943): Cassandra\u2019s Dream Song (1970)<br \/>\n\u2014 Heinz Holliger (*1939): Schlafgew\u00f6lk (1984)<br \/>\n\u2014 Salvatore Sciarrino (*1947): L\u2019orizzonte luminoso di Aton (1989)<br \/>\n<em>Pia Marei Hauser (Fl\u00f6te, Alt- &#038; Bassfl\u00f6te)<\/em><br \/>\n&nbsp;<br \/>\n&nbsp;<\/p>\n<p>Samstag, 29. M\u00e4rz, 13 Uhr<br \/>\n<em>Lunchkonzert: MICHAEL SCHULTHEIS<\/em><br \/>\n\u2014 Souvenir. Miniaturen f\u00fcr Spieluhr mit Lochstreifen (2023)<br \/>\n\u2014 Luftlinien. Sieben St\u00fccke f\u00fcr Portativorgel (2024)<br \/>\n\u2014 Orgelpunkte f\u00fcr Pedal solo (2020)<br \/>\n\u2014 Improvisation an der gro\u00dfen Orgel<br \/>\n\u2014 Luftlinien. Sieben St\u00fccke f\u00fcr Portativorgel<br \/>\n\u2014 Miniaturen f\u00fcr Spieluhr mit Lochstreifen<br \/>\n<em>Michael Schultheis (Orgel)<\/em><br \/>\n&nbsp;<br \/>\n&nbsp;<\/p>\n<p>Sonntag, 30. M\u00e4rz, 12 Uhr<br \/>\n<em>Hochamt<\/em><br \/>\n\u2014 Musikalische Gestaltung durch die Capella Vocale an Sankt Peter<br \/>\n<em>Leitung: Michael Veltman<\/em><br \/>\n&nbsp;<br \/>\n&nbsp;<br \/>\n&nbsp;<br \/>\n<strong>April<\/strong>. . . . . . . . . . . . . . . . . . . . . . . . . . . . . . . . . . . . . . . . . . . . . . . . . . . . . . . . . . . . . . . . . .<br \/>\n&nbsp;<br \/>\nFreitag, 4. April, 19.00 Uhr<br \/>\n<em>Konzert<\/em><br \/>\n\u2014 Gy\u00f6rgy Ligeti: Melodien for orchestra (1971)<br \/>\n\u2014 Songklod Nunthakasem: The Enigma of the Mirror in Portraiture (2025)<br \/>\n\u2014 Dieter Mack: Khaen (2024) f\u00fcr Ensemble und Khaen Solo<br \/>\n\u2014 Mauricio Kagel: Finale mit Kammerensemble (1980)<br \/>\n<em>Studio Musikfabrik \u2014 Landesjugendensemble NRW f\u00fcr Neue Musik<\/em><br \/>\n&nbsp;<br \/>\n&nbsp;<\/p>\n<p>Samstag, 5. April, 13 Uhr<br \/>\n<em>Lunchkonzert<\/em><br \/>\n\u2014 Improvisationen<br \/>\n<em>DiG \/\/ Du\u0161ica Cajlan (erweitertes Klavier\/ruined* piano), Georg Wissel (erweitertes Altsaxophon, Klarinette)<\/em><br \/>\n&nbsp;<br \/>\n&nbsp;<\/p>\n<p>Samstag, 12. April, 13 Uhr<br \/>\n<em>Lunchkonzert<\/em><br \/>\n\u2014 Ana Szil\u00e1gyi: Der Herr ist mein Licht (Nach Psalm 27) f\u00fcr Sopran und Shrutibox<br \/>\n\u2014 Bernd Bleffert: Atemnot und Saat (2021)<br \/>\n\u2014 Michael Denhoff: Greguer\u00edas op. 121a (Auswahl)<br \/>\n<em>Irene Kurka (Stimme)<\/em><br \/>\n&nbsp;<br \/>\n&nbsp;<\/p>\n<p>Karfreitag, 18. April, 15 Uhr<br \/>\n<em>Liturgie vom Leiden und Sterben Jesu<\/em><br \/>\n\u2014 Michael Veltman: q &#8211; passion nach johannes (2024\/25)<br \/>\n<em>Nicole Ferrein, Stephanie Wilkens, Sophie Taubert-Marx (Stimmen),<br \/>\nChristiane Veltman (Viola), Constantin Herzog (Kontrabass)<\/em><br \/>\n&nbsp;<br \/>\n&nbsp;<\/p>\n<p>Karsamstag, 19. April, 13 Uhr<br \/>\n<em>Lunchkonzert<\/em><br \/>\n\u2014 Terry Jennings: Streichquartett (1960)<br \/>\n\u2014 Morton Feldman: Vertical Thoughts 4, Piano Piece (to Philip Guston)<br \/>\n<em>Veronique De Raedemaeker (Violine), Christiane Veltman (Violine),<br \/>\nAnnegret Mayer-Lindenberg (Viola), Rebekka Stephan Violoncello), Michael Veltman (Klavier)<\/em><br \/>\n&nbsp;<br \/>\n&nbsp;<\/p>\n<p>Samstag, 26. April, 13 Uhr<br \/>\n<em>Lunchkonzert<\/em><br \/>\n\u2014 Improvisationen<br \/>\n<em>Sarah Proske (Orgel)<\/em><br \/>\n&nbsp;<br \/>\n&nbsp;<br \/>\n&nbsp;<br \/>\n<strong>Mai<\/strong>. . . . . . . . . . . . . . . . . . . . . . . . . . . . . . . . . . . . . . . . . . . . . . . . . . . . . . . . . . . . . . . . . .<br \/>\n&nbsp;<br \/>\nSamstag, 3. Mai, 13 Uhr<br \/>\n<em>Lunchkonzert<\/em><br \/>\n\u2014 Andreas Wagner: Tr\u00fcbung und Schichtung oder auch Anrufung und bl\u00fchende D\u00fcfte<br \/>\nf\u00fcr Klarinette-Solo eingebettet in einer 16 Kanal Projektion<br \/>\n<em>Andreas Wagner (Klarinette und Bassklarinette)<\/em><br \/>\n&nbsp;<br \/>\n&nbsp;<\/p>\n<p>Samstag, 10. Mai, 13 Uhr<br \/>\n<em>Lunchkonzert<\/em><br \/>\n\u2014 Luciano Berio: Sequenza VI f\u00fcr Viola solo<br \/>\n\u2014 Michael Veltman: Abgesang f\u00fcr Viola (UA)<br \/>\n<em>Christiane Veltman (Viola)<\/em><br \/>\n&nbsp;<br \/>\n&nbsp;<\/p>\n<p>Samstag, 17. Mai, 13 Uhr<br \/>\n<em>Lunchkonzert<\/em><br \/>\n\u2014 George Crumb: CELESTIAL MECHANICS (MAKROKOSMOS IV)<br \/>\nCosmic Dances for Amplified Piano, Four Hands<br \/>\nI. Alpha Centauri<br \/>\nII. Beta Cygni<br \/>\nIII. Gamma Draconis<br \/>\nIV. Delta Orionis<br \/>\n<em>Marlies Stellmacher und Julia Selcinskaite (Klavier)<\/em><br \/>\n&nbsp;<br \/>\n&nbsp;<\/p>\n<p>Montag, 19. Mai, 19.30 Uhr<br \/>\n<em>Konzert reihe M<br \/>\nMark Fell (electronic instruments)<br \/>\nLimpe Fuchs (analog instruments)<\/em><br \/>\n&nbsp;<br \/>\n&nbsp;<\/p>\n<p>Samstag, 24. Mai, 13 Uhr<br \/>\n<em>Lunchkonzert<\/em><br \/>\n\u2014 Improvisationen<br \/>\nMichael Veltman (Orgel)<br \/>\n&nbsp;<br \/>\n&nbsp;<\/p>\n<p>Samstag, 31. Mai, 13 Uhr<br \/>\n<em>Lunchkonzert<\/em><br \/>\n\u2014  Kaija Saariaho: Mirrors* I f\u00fcr Fl\u00f6te und Violoncello (1992)<br \/>\n\u2014  Bernd Alois Zimmermann: Sonate f\u00fcr Cello solo (1960) Version mit den ungerade bezifferten Abschnitten<br \/>\n\u2014  Hans Zender: Haiku 1<br \/>\naus LO-SHU VI, 5 Haiku f\u00fcr Fl\u00f6te und Violoncello (1989)<br \/>\n\u2014  Elliott Carter: Enchanted Preludes f\u00fcr Fl\u00f6te und Violoncello (1988)<br \/>\n\u2014  Hans Zender: Haiku 5<br \/>\naus LO-SHU VI, 5 Haiku f\u00fcr Fl\u00f6te und Violoncello<br \/>\n\u2014  Karlheinz Stockhausen: I. Sei wieder fr\u00f6hlich und II. Dein Engel wacht \u00fcber Dir<br \/>\naus AMOUR f\u00fcr Fl\u00f6te* (1976\/1981)<br \/>\n\u2014  Kaija Saariaho: Mirrors* II f\u00fcr Fl\u00f6te und Violoncello<br \/>\n<em>Camilla Hoitenga (Fl\u00f6te), Michael Veit (Violoncello)<\/em><br \/>\n&nbsp;<br \/>\n&nbsp;<br \/>\n&nbsp;<br \/>\n<strong>Juni<\/strong>. . . . . . . . . . . . . . . . . . . . . . . . . . . . . . . . . . . . . . . . . . . . . . . . . . . . . . . . . . . . . . . . . .<br \/>\n&nbsp;<br \/>\nSamstag, 7. Juni, 13 Uhr<br \/>\n<em>Lunchkonzert<\/em><br \/>\n\u2014 Magnus Granberg: the willow bends (2025)<br \/>\n<em>andPlay (New York City) \/\/ Maya Bennardo (Violine), Hannah Levinson (Viola)<\/em><br \/>\n&nbsp;<br \/>\n&nbsp;<\/p>\n<p>Samstag, 14. Juni, 13 Uhr<br \/>\n<em>Lunchkonzert<\/em><br \/>\n\u2014 Olivier Messiaen (1908 \u2013 1992): aus Catalogue d\u2019Oiseaux (Vogelkatalog) (1956-58)<br \/>\nLe Traquet Stapazin (Der Mittelmeersteinschm\u00e4tzer)<br \/>\n\u2014 Andr\u00e9 Jolivet (1905 \u2013 1974): Mana (1935)<br \/>\nI. Beaujolais<br \/>\nII. L\u2019oiseau<br \/>\nIII. La Princesse de Bali<br \/>\nIV. La Ch\u00e8vre<br \/>\nV. La Vache<br \/>\nVI. P\u00e9gase<br \/>\n\u2014 Olivier Messiaen (1908 \u2013 1992): aus Catalogue d\u2019Oiseaux (Vogelkatalog) (1956-58)<br \/>\nLe Merle Bleu (Die Blaumerle)<br \/>\n<em>Thibaut Surugue (Klavier)<\/em><br \/>\n&nbsp;<br \/>\n&nbsp;<\/p>\n<p>Samstag, 21. Juni, 13 Uhr<br \/>\n<em>Lunchkonzert<\/em><br \/>\n\u2014 Corn\u00e9 Roos: Das flirrende Innere (UA)<br \/>\n<em>Trio Abstrakt \/\/ Salim(a) Javaid (Saxophon), Alexandre Ferreira Silva (Schlagzeug),<br \/>\nMarlies Debacker (Klavier)<\/em><br \/>\n&nbsp;<br \/>\n&nbsp;<\/p>\n<p>Mittwoch, 25. Juni, 20 Uhr<br \/>\n<em>Konzert im Rahmen des Romanischen Sommers<\/em><br \/>\nSound of Giddy<br \/>\n\u2014 Conlon Nancarrow (1912 \u2013 1997): Studies for Player Pianos (Auswahl)<br \/>\ngespielt von einem Originalinstrument mit originalen Notenrollen<br \/>\n\u2014 Terry Riley (*1935): String Quartet (1960)<br \/>\n\u2014 Michael Veltman (*1960): \u201eDie Br\u00fccke von San Giacomo\u201c f\u00fcr Streichquartett<br \/>\n\u2014 gamut inc (Marion W\u00f6rle und Maciej Sledziecki): Neues Werk f\u00fcr die Orgel der Kunst-Station Sankt Peter<br \/>\n<em>Ensemble TRA I TEMPI \/\/ Peter Stein (Violine), Christiane Veltman (Violine),<br \/>\nAnnegret Mayer-Lindenberg (Viola), Rebekka Stephan (Violoncello)<br \/>\ngamut inc<\/em><br \/>\n&nbsp;<br \/>\n&nbsp;<\/p>\n<p>Samstag, 28. Juni, 13 Uhr<br \/>\n<em>Lunchkonzert<\/em><br \/>\n\u2014 Triumphus Pacis<br \/>\n<em>Michael Veltman (Orgel und Singing Strings von Gerhard Kern)<\/em><br \/>\n&nbsp;<br \/>\n&nbsp;<br \/>\n&nbsp;<br \/>\n<strong>Juli<\/strong>. . . . . . . . . . . . . . . . . . . . . . . . . . . . . . . . . . . . . . . . . . . . . . . . . . . . . . . . . . . . . . . . . .<br \/>\n&nbsp;<br \/>\nSamstag, 5. Juli, 13 Uhr<br \/>\n<em>Lunchkonzert<\/em><br \/>\n\u2014 Ein fein ausdifferenziertes Sortiment an Posaunent\u00f6nen, das weder vor Grobheiten noch vor Hymnen noch vor den Grauzonen dazwischen zur\u00fcckschreckt. Poesie direkt.<br \/>\n<em>Matthias Muche (Posaune)<\/em><br \/>\n&nbsp;<br \/>\n&nbsp;<\/p>\n<p>Samstag, 12. Juli, 13 Uhr<br \/>\n<em>Lunchkonzert<br \/>\nImprovisationsensemble der Hochschule f\u00fcr Musik und Tanz K\u00f6ln (Leitung: Paulo Alvares)<\/em><br \/>\n&nbsp;<br \/>\n&nbsp;<br \/>\n&nbsp;<br \/>\n<strong>SOMMERPAUSE<\/strong><br \/>\n&nbsp;<br \/>\n&nbsp;<br \/>\n&nbsp;<br \/>\n<strong>August<\/strong>. . . . . . . . . . . . . . . . . . . . . . . . . . . . . . . . . . . . . . . . . . . . . . . . . . . . . . . . . . . . . . . . . .<br \/>\n&nbsp;<\/p>\n<p>Freitag, 22. August 2025, 19.30 Uhr<br \/>\n<em>Konzert<\/em><br \/>\nWill Saunders and friends<br \/>\n\u2014 Will Saunders: Musik f\u00fcr Fl\u00fcgel und modifizierte rotierende \u201eLeslie&#8220; Lautsprecher mit musikalischen Interventionen<br \/>\n<em>Will Saunders (Klangk\u00fcnstler),<br \/>\nOxana Omelchuk (Komponistin\/Musikerin),<br \/>\nBettina Wenzel (Intermediale StimmPerformance)<\/em><br \/>\n&nbsp;<br \/>\nEin r\u00e4umlicher, fast hypnotischer Klang l\u00e4sst die Kirche auf eine ungewohnte Weise erklingen.<br \/>\n&nbsp;<br \/>\n&nbsp;<\/p>\n<p>Samstag, 30. August 2025, 13 Uhr<br \/>\n<em>Lunchkonzert<\/em><br \/>\n\u2014 Etienne Nillesen: en<br \/>\n<em>Etienne Nillesen (extended snare drums)<\/em><br \/>\n&nbsp;<br \/>\nEtienne Nillesen spielt sein Solo-St\u00fcck <em>en<\/em>, eine Erkundung der kleinen Trommel als melodisches und harmonisches Instrument. Die zwei Snare Drums sind nach den Prinzipien der Natural\/Resonant Stimmung gestimmt, ein Ansatz, der sich an der Eigenresonanz und dem Obertonspektrum des Instruments orientiert. Dadurch entsteht ein harmonisches Gef\u00fcge, in dem Mitschwingungen und Interferenzmuster h\u00f6rbar werden und ein sich wandelndes klangliches Feld formen, ebenso gepr\u00e4gt von Tonh\u00f6he wie von Klangtextur.<br \/>\n&nbsp;<br \/>\n&nbsp;<br \/>\n&nbsp;<br \/>\n<strong>September<\/strong>. . . . . . . . . . . . . . . . . . . . . . . . . . . . . . . . . . . . . . . . . . . . . . . . . . . . . . . . . . . . . . . . . .<br \/>\n&nbsp;<\/p>\n<p>Samstag, 6. September 2025, 13 Uhr<br \/>\n<em>Lunchkonzert: F\u00fcr Wolfgang<br \/>\nGedenkkonzert f\u00fcr Wolfgang Rihm<\/em><br \/>\n\u2014 Wolfgang Rihm: \u00dcber die Linie fu\u0308r Violoncello (1.Teil, 1999)<br \/>\n\u2014 Wolfgang Rihm: \u00dcber die Linie VII fu\u0308r Violine (2006)<br \/>\n\u2014 Wolfgang Rihm: duomonolog fu\u0308r Violine und Violoncello (1986\/88)<br \/>\n<em>Alexandra Greffin-Klein (Violine),<br \/>\nFriedrich Gauwerky (Violoncello)<\/em><br \/>\n&nbsp;<br \/>\n&nbsp;<\/p>\n<p>Samstag, 13. September 2025, 13 Uhr<br \/>\n<em>Lunchkonzert: De Profundis \u2014 Aus der Tiefe<br \/>\nNeue Musik f\u00fcr Bassstimme solo<\/em><br \/>\n\u2014 Gabriel M\u0103l\u0103ncioiu (*1979): Los cien enamorados (F.G. Lorca) f\u00fcr Bassstimme und Shrutibox (2020)<br \/>\n\u2014 Jan Kopp (*1971): De Profundis f\u00fcr tiefe Stimme und Zuspielung (2017)<br \/>\n\u2014 Claes Biehl (*1978): De Profundis f\u00fcr Bassstimme solo (2023) (Text: Charles Baudelaire)<br \/>\n\u2014 Martin Wistinghausen (*1979): De Profundis f\u00fcr Bassstimme, Shruti-Box und Elektronik (2016) nach einem Text von Georg Trakl<br \/>\n<em>Martin Wistinghausen (Bass, Shruti-Box, Elektronik)<\/em><br \/>\n&nbsp;<br \/>\n&nbsp;<\/p>\n<p>Montag, 15. September 2025, 19.30 Uhr<br \/>\n<em>Konzert<\/em><br \/>\n<em>Pascal Klewer\u2019s acoustic ambient ensemble:<br \/>\nFelix Hauptmann (Klavier), Theresia Philipp (Klarinette), Camilla Nebbia (Saxophon), Robert Lucaciu (Kontrabass), Marie Schutrak (Viola), Franziska Ludwig (Cello), Sophia Rasche (Violine), Francesca Gaza (Dirigat), Pascal Klewer (Trompete\/Komposition)<\/em><br \/>\n&nbsp;<br \/>\nDas Konzert markiert die Urauff\u00fchrung des Programms von Pascal Klewer, das kurz darauf im Kammermusiksaal des Deutschlandfunks aufgenommen wird.<br \/>\nMit dem \u201eacoustic ambient ensemble\u201c entwickelt Klewer seine Arbeit zwischen kompositorischer Recherche, improvisierter Struktur und emotionaler Wiederholung weiter. Im Zentrum stehen wiederholbare musikalische Zellen \u2013 als kollektive Praxis, als Raum f\u00fcr Wahrnehmung, Entwicklung und Formreflexion.<br \/>\n&nbsp;<br \/>\n&nbsp;<\/p>\n<p>Mittwoch, 17. September 2025, 19.30 Uhr<br \/>\n<em>Konzert<\/em><br \/>\nPreistr\u00e4gerkonzert des Bernd-Alois-Zimmermann Stipendiums der Stadt K\u00f6ln 2025<br \/>\nPreistr\u00e4gerin: Aline Sarah M\u00fcller<br \/>\n&nbsp;<br \/>\n&nbsp;<\/p>\n<p>Freitag, 19. September 2025, 20 Uhr<br \/>\n<em>Konzert<\/em><br \/>\n\u2014 Albrecht Zummach: WOBBLY ECHOES &#8211; Nine rounds of remembrance (UA)<br \/>\n<em>Ensemble DEHIO mit Jos\u00e9 Fern\u00e1ndez Bardesio (Ukulele),<br \/>\nUkulele\/Gitarre \u2013 Vibraphon\/Snares \u2013 Posaune \u2013 Streichtrio<\/em><br \/>\n&nbsp;<br \/>\n&nbsp;<\/p>\n<p>Samstag, 20. September 2025, 13 Uhr<br \/>\n<em>Lunchkonzert<\/em><br \/>\n\u2014 Axel Lindner: 9 CHANTS IN CIRCLES for Viola Duo (2023\/25)<br \/>\n<em>Annegret Mayer-Lindenberg (Viola), Axel Lindner (Viola)<\/em><br \/>\n&nbsp;<br \/>\n&nbsp;<\/p>\n<p>Freitag, 26. September 2025, 19.30 Uhr<br \/>\n<em>Konzert<\/em><br \/>\nconfluences#2<br \/>\n\u2014 Imsu Choi, Julien Malaussena &#038; Michelle Agnes Magalh\u00e3es: Neues Werk (2025) f\u00fcr Saxophon, Klavier &#038; Schlagzeug<br \/>\n\u2014 Imsu Choi: Neues Werk (2025) f\u00fcr Saxophon, Klavier &#038; Schlagzeug<br \/>\n\u2014 Julien Malaussena: Neues Werk (2025) f\u00fcr Saxophon, Klavier &#038; Schlagzeug<br \/>\n\u2014 Michelle Agnes Magalh\u00e3es: Neues Werk (2025) f\u00fcr Saxophon, Klavier &#038; Schlagzeug<br \/>\n<em>Trio Abstrakt: Salim(a) Javaid (Saxophon), Marlies Debacker (Klavier), Alexandre Silva (Schlagzeug)<\/em><br \/>\n&nbsp;<br \/>\nconfluences#2 ist eine immersive Kammermusik-Gesamterfahrung. Drei neue Werke der Pariser Komponist:innen Julien Malaussena, Imsu Choi und Michelle Agnes werden durch kollaborativ komponierte Interludien zu einem Gesamtwerk verbunden.<br \/>\nconfluences#2 verk\u00f6rpert die Idee, dass unterschiedliche musikalische Str\u00f6mungen und kreative Impulse miteinander verschmelzen. Die Grenzen zwischen den einzelnen Werken sowie zwischen Komponisten und Interpreten verschwinden, und der Fokus liegt auf der kollaborativen Arbeit, die sich von klassischen Hierarchien befreit.<br \/>\n&nbsp;<br \/>\n&nbsp;<\/p>\n<p>Samstag, 27. September 2025, 13 Uhr<br \/>\n<em>Lunchkonzert<\/em><br \/>\n\u2014 Helmut Lachenmann: Got Lost<br \/>\n\u2014 Mark Andre: iv 17<br \/>\n<em>Risa Matsushima (Sopran),<br \/>\nChie Otsuka (Klavier)<\/em><\/p>\n<p>&nbsp;<br \/>\n&nbsp;<br \/>\n&nbsp;<br \/>\n<strong>Oktober<\/strong>. . . . . . . . . . . . . . . . . . . . . . . . . . . . . . . . . . . . . . . . . . . . . . . . . . . . . . . . . . . . . . . . . .<br \/>\n&nbsp;<\/p>\n<p>Freitag, 3. Oktober 2025, 19 Uhr<br \/>\n<em>Konzert<\/em><br \/>\nWerke von John Cage<br \/>\n\u2014 Dream (1948)<br \/>\n\u2014 ear for EAR (1983)<br \/>\n\u2014 Thirteen Harmonies (1986)<br \/>\n\u2014 In a Landscape (1948)<br \/>\n<em>Jeffrey Lependorf (shakuhachi), Scott Fields (Konzertgitarre)<\/em><br \/>\n&nbsp;<br \/>\n&nbsp;<\/p>\n<p>Samstag, 4. Oktober 2025, 13 Uhr<br \/>\n<em>Lunchkonzert<\/em><br \/>\n\u2014 Iannis Xenakis (1922-2001): Ikhoor (1978)<br \/>\n\u2014 Helmut Lachenmann (*1935): Streichtrio I (1965)<br \/>\n\u2014 G\u00e9rard Pesson (*1958): Fureur contre Informe (1998)<br \/>\n\u2014 Roman Haubenstock-Ramati (1919-1994): 1.Streichtrio (1948\/78)<br \/>\n<em>Trio Transit<br \/>\nMuzi Lyu (Violine), Barbara Maurer (Viola), Elio Herrera (Violoncello)<\/em><br \/>\n&nbsp;<br \/>\n&nbsp;<\/p>\n<p>Samstag, 11. Oktober 2025, 13 Uhr<br \/>\n<em>Lunchkonzert<\/em><br \/>\n&#8222;Vor=letzte Gedanken zu Erik Satie&#8220;<br \/>\neine Collage zum 100sten Todestag.<br \/>\n<em>Martin Lennartz (Klavier), Daniela Werth (Specherin)<\/em><br \/>\n&nbsp;<br \/>\n&nbsp;<\/p>\n<p><strong>Orgelmixturen 2025<br \/>\n<em>21. Internationales Festival f\u00fcr zeitgen\u00f6ssische Orgelmusik<\/em><br \/>\n17. \u2014 31. Oktober 2025<\/strong>. . . . . . . . . . . . . . . . . . . . . . . . . . . . . . . . . . . . . . . . . . . . . . . . . . . . . . . . . . . . . . . . . .<br \/>\n&nbsp;<br \/>\n&nbsp;<\/p>\n<p>Freitag, 17. Oktober 2025, 20 Uhr<br \/>\n\u2014 Werke von Th\u00e9o M\u00e9rigeau, Federico Perotti und Fabien Waksman<br \/>\n<em>Lucile Dollat (Paris)<\/em><br \/>\n&nbsp;<br \/>\n&nbsp;<\/p>\n<p>Sonntag, 19. Oktober 2025, 20 Uhr<br \/>\n\u2014 Karlheinz Stockhausen: HIMMELFAHRT (2004) Erste Stunde aus KLANG<br \/>\nfu\u0308r Orgel (oder Synthesizer), Sopran und Tenor<br \/>\n<em>Michael Veltman (Orgel), Nicole Ferrein und Daniel Gloger (Stimmen),<br \/>\nFlorian Zwissler (Klangregie)<\/em><br \/>\n&nbsp;<br \/>\n&nbsp;<\/p>\n<p>Dienstag, 21. Oktober 2025, 20 Uhr<br \/>\n\u2014 Werke von Daan Manneke, Jan Welmers, Giuliano Bracci, Benoit Mernier,<br \/>\nGeerten Liefting, Kate Moore und Jan Welmers<br \/>\n<em>Matthias Havinga (Amsterdam)<\/em><br \/>\n&nbsp;<br \/>\n&nbsp;<\/p>\n<p>Freitag, 24. Oktober 2025, 20 Uhr<br \/>\n\u2014 Werke von J\u00f6rg Herchet, Morton Feldman, Mark Andre und Daniel Beilschmidt<br \/>\n<em>Daniel Beilschmidt (Leipzig)<\/em><br \/>\n&nbsp;<br \/>\n&nbsp;<\/p>\n<p>Montag, 27. Oktober 2025, 20 Uhr<br \/>\n\u2014 Nightclouds<br \/>\n<em>Ellen Arkbro (Schweden\/Berlin)<\/em><br \/>\n&nbsp;<br \/>\n&nbsp;<\/p>\n<p>Mittwoch, 29. Oktober 2025, 20 Uhr<br \/>\nKonzert der Studierenden der Kompositions- und Orgelklassen der Hochschule f\u00fcr Musik und Tanz K\u00f6ln<br \/>\n<em>Di Zhao, Jongsung Oh, Kento Ishikawa, Tiago Jesus, Alex Hren<\/em> (Studierende der Kompositionsklassen) schreiben neue Werke f\u00fcr die Orgel von Sankt Peter,<br \/>\ndie von Studierenden der Orgelklassen gespielt werden<br \/>\n&nbsp;<br \/>\n&nbsp;<\/p>\n<p>Freitag, 31. Oktober 2025, 20 Uhr<br \/>\n\u2014 Werke von Elena Rykova (UA), Giacinto Scelsi, Ernst Albrecht Stiebler u.a.<br \/>\n<em>Michael Veltman<\/em><\/p>\n<p>&nbsp;<br \/>\n&nbsp;<br \/>\n&nbsp;<br \/>\n<strong>November<\/strong>. . . . . . . . . . . . . . . . . . . . . . . . . . . . . . . . . . . . . . . . . . . . . . . . . . . . . . . . . . . . . . . . . .<br \/>\n&nbsp;<\/p>\n<p>Dienstag, 4. November 2025, 20 Uhr<br \/>\n<em>Konzert<\/em><br \/>\nreiheM<br \/>\n<em>Max Eilbacher (live electronics)<br \/>\nFriday Dunard (live electronics)<\/em><br \/>\n&nbsp;<br \/>\n&nbsp;<\/p>\n<p>Freitag, 7. November 2025, 19.30 Uhr<br \/>\n<em>Konzert<\/em><br \/>\n\u2014 Luca Francesconi: Mambo (1987)<br \/>\n\u2014 Antonio Macaretti: Mani incandescenti, UA<br \/>\n\u2014 Martino Traversa: Oiseaux tristes<br \/>\n\u2014 G. Biswas: Studio improvviso n. 1\u20132, UA<br \/>\n\u2014 Ada Gentile: Piccolo studio da concerto (2004)<br \/>\n\u2014 Simone Cardini: Barefoot, UA<br \/>\n\u2014 Luciano Berio: Six encores<br \/>\n<em>Alberto Carnevale Ricci (Klavier)<\/em><br \/>\n&nbsp;<br \/>\n&nbsp;<\/p>\n<p>Samstag, 8. November 2025, 13 Uhr<br \/>\n<em>Lunchkonzert<\/em><br \/>\n\u2014 John Palmer (*1959): Lux Ardens (2023)<br \/>\n\u2014 Lisa Streich (*1985): Kolon (2017)<br \/>\n\u2014 Martin Rane Bauck (*1988): The air from afar (2018)<br \/>\n\u2014 John Palmer: Lux Vivens (2022)<br \/>\n<em>Christina Mei\u00dfner (Violoncello)<\/em><br \/>\n&nbsp;<br \/>\n&nbsp;<\/p>\n<p>Samstag, 15. November 2025, 13 Uhr<br \/>\n<em>Lunchkonzert<\/em><br \/>\n\u2014 Brian Ferneyhough: 4 Miniatures f\u00fcr Fl\u00f6te und Klavier (1965)<br \/>\n\u2014 Luciano Berio: Sequenza I f\u00fcr Fl\u00f6te (1958)<br \/>\n\u2014 Luciano Berio: Sequenza IV f\u00fcr Klavier (1965-66)<br \/>\n\u2014 Olga Neuwirth: Verfremdung\/Entfremdung f\u00fcr Fl\u00f6te, Klavier und Zuspielung (2002)<br \/>\n<em>Liga Korne (Klavier), Francesco Marzano (Fl\u00f6te)<\/em><br \/>\n&nbsp;<br \/>\n&nbsp;<\/p>\n<p>Freitag, 21. November 2025, 19.30 Uhr<br \/>\n<em>Konzert<\/em><br \/>\nAbstraktion &#038; Alltag \u2013 Performatives Konzert<br \/>\n\u2014 Peter Ablinger: Grisailles 1-100 f\u00fcr drei Klaviere<br \/>\n\u2014 Mieko Shiomi: Water Music for SP<br \/>\n\u2014 Nicolas Kuhn: ja nein vielleicht (Urauff\u00fchrung) Musik mit H\u00f6rspiel f\u00fcr drei Klaviere, Nebeninstrumente, Fitness-Laufband und fixed media<br \/>\n<em>trio f:t<br \/>\nMagdalena Cerezo Falces, Jana Luksts, Miharu Ogura (Klavier)<\/em><br \/>\n&nbsp;<br \/>\n&nbsp;<\/p>\n<p>Samstag, 22. November 2025, 13 Uhr<br \/>\n<em>Lunchkonzert<\/em><br \/>\n\u2014 Peter Conradin Zumthor: HRR GLL SRR<br \/>\n\u2014 Felix Nussbaumer: Neues Werk<br \/>\n\u2014 Georges Aperghis: Retrouvailles<br \/>\n<em>Duo Klexs: L\u00e9a Legros-Pontal (Bratsche), Silke Strahl (Saxophon)<br \/>\nund Felix Nussbaumer (Saxophon)<\/em><br \/>\n&nbsp;<br \/>\n&nbsp;<\/p>\n<p>Samstag, 29. November 2025, 13 Uhr<br \/>\n<em>Lunchkonzert<\/em><br \/>\n\u2014 Elena Rykova (*1991): Tomorrow, I too (2025)<br \/>\n\u2014 Michael Veltman: Improvisation<br \/>\n<em>Michael Veltman (Orgel)<\/em><\/p>\n<p>&nbsp;<br \/>\n&nbsp;<br \/>\n&nbsp;<br \/>\n<strong>Dezember<\/strong>. . . . . . . . . . . . . . . . . . . . . . . . . . . . . . . . . . . . . . . . . . . . . . . . . . . . . . . . . . . . . . . . . .<br \/>\n&nbsp;<\/p>\n<p>Freitag, 5. Dezember 2025, 19.30 Uhr<br \/>\n<em>Konzert<\/em><br \/>\nREALNESS<br \/>\n\u2014 Musik aus den USA: Composers Collaborative Initiative<br \/>\n<em>PART-Ensemble<\/em><br \/>\n&nbsp;<br \/>\n&nbsp;<\/p>\n<p>Samstag, 6. Dezember 2025, 13 Uhr<br \/>\n<em>Lunchkonzert<\/em><br \/>\n\u2014 Hiraeth<br \/>\n<em>Robert Landfermann (Kontrabass)<\/em><br \/>\n&nbsp;<br \/>\n&nbsp;<\/p>\n<p>Mittwoch, 31. Dezember 2025, 22.30 Uhr<br \/>\n<em>Silvesterkonzert <\/em><br \/>\n100th birthday(s)<br \/>\nLuciano Berio \/\/ Morton Feldman<br \/>\n\u2014 Luciano Berio (1925\u20132003): Sequenza VI (1967) f\u00fcr Viola<br \/>\n\u2014 Morton Feldman (1926\u20131987): Principal Sound (1980) f\u00fcr Orgel<br \/>\n\u2014 Improvisation<br \/>\n<em>Christiane Veltman (Viola),<br \/>\nMichael Veltman (Orgel)<\/em><br \/>\n&nbsp;<br \/>\n&nbsp;<br \/>\n&nbsp;<\/p>\n","protected":false},"excerpt":{"rendered":"<p>M\u00e4rz. . . . . . . . . . . . . . . . . . . . . . . . . . . . . . . . . . . . . . . . . . . . . . . . . . . . . . . [&hellip;]<\/p>\n","protected":false},"author":6,"featured_media":1197,"parent":10562,"menu_order":49,"comment_status":"closed","ping_status":"closed","template":"","meta":[],"_links":{"self":[{"href":"https:\/\/www.sankt-peter-koeln.de\/wp\/wp-json\/wp\/v2\/pages\/13892"}],"collection":[{"href":"https:\/\/www.sankt-peter-koeln.de\/wp\/wp-json\/wp\/v2\/pages"}],"about":[{"href":"https:\/\/www.sankt-peter-koeln.de\/wp\/wp-json\/wp\/v2\/types\/page"}],"author":[{"embeddable":true,"href":"https:\/\/www.sankt-peter-koeln.de\/wp\/wp-json\/wp\/v2\/users\/6"}],"replies":[{"embeddable":true,"href":"https:\/\/www.sankt-peter-koeln.de\/wp\/wp-json\/wp\/v2\/comments?post=13892"}],"version-history":[{"count":6,"href":"https:\/\/www.sankt-peter-koeln.de\/wp\/wp-json\/wp\/v2\/pages\/13892\/revisions"}],"predecessor-version":[{"id":14136,"href":"https:\/\/www.sankt-peter-koeln.de\/wp\/wp-json\/wp\/v2\/pages\/13892\/revisions\/14136"}],"up":[{"embeddable":true,"href":"https:\/\/www.sankt-peter-koeln.de\/wp\/wp-json\/wp\/v2\/pages\/10562"}],"wp:featuredmedia":[{"embeddable":true,"href":"https:\/\/www.sankt-peter-koeln.de\/wp\/wp-json\/wp\/v2\/media\/1197"}],"wp:attachment":[{"href":"https:\/\/www.sankt-peter-koeln.de\/wp\/wp-json\/wp\/v2\/media?parent=13892"}],"curies":[{"name":"wp","href":"https:\/\/api.w.org\/{rel}","templated":true}]}}