{"id":14162,"date":"2026-02-20T13:46:30","date_gmt":"2026-02-20T13:46:30","guid":{"rendered":"https:\/\/www.sankt-peter-koeln.de\/wp\/?page_id=14162"},"modified":"2026-02-20T13:56:49","modified_gmt":"2026-02-20T13:56:49","slug":"dust-24-074-matthias-surges","status":"publish","type":"page","link":"https:\/\/www.sankt-peter-koeln.de\/wp\/kunst-station\/dust-24-074-matthias-surges\/","title":{"rendered":"DUST 24.074 \u2014 Matthias Surges"},"content":{"rendered":"<p><strong>DUST 24.074 \u2014 Matthias Surges<\/strong>Verh\u00fcllung in der Fastenzeit<br \/>\nAschermittwoch bis Ostern 2026<br \/>\n&nbsp;<\/p>\n<p>In der Kunst-Station Sankt Peter werden w\u00e4hrend der vor\u00f6sterlichen Bu\u00dfzeit konsequent alle bildlichen Darstellungen mit wei\u00dfen Nesselt\u00fcchern verh\u00e4ngt. 40 Tage lang sind die gro\u00dfen Kunstwerke den Blicken entzogen und der Kirchenraum erh\u00e4lt so eine neue skulpturale Dimension offener Leere. Das konsequente \u201eBilderfasten\u201c ist ein Impuls, Bilder nicht absolut, sondern kritisch zu betrachten. Die Verh\u00fcllung er\u00f6ffnet einen Blick f\u00fcr das Wesentliche, f\u00fcr das Geheimnis, das sich hinter den Bildern verbirgt. Denn, wie der K\u00fcnstler Georg Baselitz sagt, sehen wir die Bilder, die wir jeden Tag sehen, nicht mehr. Die tempor\u00e4re Unsichtbarkeit l\u00e4sst uns neu sehen.<br \/>\n&nbsp;<\/p>\n<p><strong>DUST 24.074 \/ Heaven 33.056 \u2014 Matthias Surges<\/strong>In der \u00d6sterlichen Bu\u00dfzeit 2026 wird der Verh\u00fcllung aller Bildwerke eine Arbeit des K\u00f6lner K\u00fcnstlers Matthias Surges hinzugef\u00fcgt, \u201eDUST 24.074\u201c. Sie ist Teil eines zeitversetzt gezeigten Diptychons und vom Aschermittwoch bis zum Karsamstag zu sehen. In der Osteroktav schlie\u00dft sich &#8222;Heaven 33.056&#8220; an.<br \/>\n&nbsp;<\/p>\n<p>Die Titel der jeweils 15 Meter hohen Banner bezeichnen den Mischwert des Grau- und des Blautons, wie man ihn im Baumarkt als Wandfarbe anmischen lassen kann. Der Grauton des Banners \u201eDUST 24.074\u201d nimmt den Farbton des Betonbodens der Kunst-Station Sankt Peter auf und erweitert diesen von der horizontalen in eine vertikale Ausrichtung. Zugleich verweist der Name \u201eDust\u201c auf die Asche, die in der liturgischen Zeichenhandlung des Aschenkreuzes mit dem dramatischen Zuspruch &#8222;Bedenke, o Mensch, dass du Staub bist und zum Staub zur\u00fcckkehrst\u201c aufgelegt wird.<br \/>\n&nbsp;<\/p>\n<p>\u201eDUST 24.074\u201c ist eine k\u00fcnstlerische Einladung zur Selbstreflexion, sich der Endlichkeit und Sterblichkeit zu stellen und darin vielleicht \u00f6sterlich zu erahnen, dass der Himmel aufgeht: \u201eIn my end is my beginning.\u201c (T.S. Eliot, East Coker). F\u00fcr den K\u00fcnstler steht die Ziffer f\u00fcr die M\u00f6glichkeit des Menschen, sich dieses Narrativ zu erschaffen, anstatt die Dinge als gegeben hinzunehmen und sich mit der Ungewissheit auseinanderzusetzen.<\/p>\n<p>&nbsp;<br \/>\n<em>Kuratiert von Guido Schlimbach<\/em><br \/>\n&nbsp;<br \/>\n. . . . . . . . . . . . . . . . . . . . . . . . . . . . . . . . . . . . . . . . . . . . . . . . . . . . . . . . . . . . . . . . . .<br \/>\n&nbsp;<br \/>\n<img loading=\"lazy\" src=\"https:\/\/www.sankt-peter-koeln.de\/wp\/wp-content\/uploads\/2026\/02\/K_2026_Dust_Bild-Sankt-Peter.jpg\" alt=\"\" width=\"530\" height=\"848\" class=\"alignnone size-full wp-image-14167\" srcset=\"https:\/\/www.sankt-peter-koeln.de\/wp\/wp-content\/uploads\/2026\/02\/K_2026_Dust_Bild-Sankt-Peter.jpg 530w, https:\/\/www.sankt-peter-koeln.de\/wp\/wp-content\/uploads\/2026\/02\/K_2026_Dust_Bild-Sankt-Peter-188x300.jpg 188w\" sizes=\"(max-width: 530px) 100vw, 530px\" \/><br \/>\n&nbsp;<\/p>\n<p>. . . . . . . . . . . . . . . . . . . . . . . . . . . . . . . . . . . . . . . . . . . . . . . . . . . . . . . . . . . . . . . . . .<br \/>\n&nbsp;<\/p>\n<p><strong>Matthias Surges<\/strong>Der K\u00f6lner K\u00fcnstler Matthias Surges wurde 1959 in Kirchweiler\/Eifel geboren und hat von 1984-92 an der FH Kunst und Design in K\u00f6ln bei J\u00f6rg Immendorff und Prof. Stefan Wewerka studiert.<br \/>\n<a href=\"http:\/\/www.matthias-surges.de\/index.html\" rel=\"noopener\" target=\"_blank\">www.matthias-surges.de<\/a><br \/>\n&nbsp;<br \/>\n. . . . . . . . . . . . . . . . . . . . . . . . . . . . . . . . . . . . . . . . . . . . . . . . . . . . . . . . . . . . . . . . . .<br \/>\n&nbsp;<\/p>\n<p><strong>Kunstgespr\u00e4che<\/strong>Sonntag, 1. M\u00e4rz 2026, 13.15 Uhr<br \/>\nmit Matthias Surges und Guido Schlimbach<br \/>\n&nbsp;<br \/>\nFreitag, 6. M\u00e4rz 2026, 21.30 Uhr<br \/>\nLange Nacht der Kirchen<br \/>\nmit P. Stephan Kessler<br \/>\n&nbsp;<br \/>\n&nbsp;<br \/>\n. . . . . . . . . . . . . . . . . . . . . . . . . . . . . . . . . . . . . . . . . . . . . . . . . . . . . . . . . . . . . . . . . .<br \/>\n&nbsp;<br \/>\n&nbsp;<br \/>\n<strong>Gef\u00f6rdert von<\/strong>K\u00f6lner Rubensgesellschaft<br \/>\n&nbsp;<br \/>\n&nbsp;<br \/>\n&nbsp;<br \/>\n&nbsp;<\/p>\n","protected":false},"excerpt":{"rendered":"<p>DUST 24.074 \u2014 Matthias SurgesVerh\u00fcllung in der Fastenzeit Aschermittwoch bis Ostern 2026 &nbsp; In der Kunst-Station Sankt Peter werden w\u00e4hrend der vor\u00f6sterlichen Bu\u00dfzeit konsequent alle bildlichen Darstellungen mit wei\u00dfen Nesselt\u00fcchern verh\u00e4ngt. 40 Tage lang sind die gro\u00dfen Kunstwerke den Blicken entzogen und der Kirchenraum erh\u00e4lt so eine neue skulpturale Dimension offener Leere. Das konsequente \u201eBilderfasten\u201c [&hellip;]<\/p>\n","protected":false},"author":6,"featured_media":14175,"parent":575,"menu_order":17,"comment_status":"closed","ping_status":"closed","template":"","meta":[],"_links":{"self":[{"href":"https:\/\/www.sankt-peter-koeln.de\/wp\/wp-json\/wp\/v2\/pages\/14162"}],"collection":[{"href":"https:\/\/www.sankt-peter-koeln.de\/wp\/wp-json\/wp\/v2\/pages"}],"about":[{"href":"https:\/\/www.sankt-peter-koeln.de\/wp\/wp-json\/wp\/v2\/types\/page"}],"author":[{"embeddable":true,"href":"https:\/\/www.sankt-peter-koeln.de\/wp\/wp-json\/wp\/v2\/users\/6"}],"replies":[{"embeddable":true,"href":"https:\/\/www.sankt-peter-koeln.de\/wp\/wp-json\/wp\/v2\/comments?post=14162"}],"version-history":[{"count":10,"href":"https:\/\/www.sankt-peter-koeln.de\/wp\/wp-json\/wp\/v2\/pages\/14162\/revisions"}],"predecessor-version":[{"id":14174,"href":"https:\/\/www.sankt-peter-koeln.de\/wp\/wp-json\/wp\/v2\/pages\/14162\/revisions\/14174"}],"up":[{"embeddable":true,"href":"https:\/\/www.sankt-peter-koeln.de\/wp\/wp-json\/wp\/v2\/pages\/575"}],"wp:featuredmedia":[{"embeddable":true,"href":"https:\/\/www.sankt-peter-koeln.de\/wp\/wp-json\/wp\/v2\/media\/14175"}],"wp:attachment":[{"href":"https:\/\/www.sankt-peter-koeln.de\/wp\/wp-json\/wp\/v2\/media?parent=14162"}],"curies":[{"name":"wp","href":"https:\/\/api.w.org\/{rel}","templated":true}]}}