{"id":201,"date":"2011-06-14T13:02:31","date_gmt":"2011-06-14T13:02:31","guid":{"rendered":"http:\/\/www.sankt-peter-koeln.de\/wp\/?page_id=201"},"modified":"2022-10-20T19:30:01","modified_gmt":"2022-10-20T19:30:01","slug":"beirat","status":"publish","type":"page","link":"https:\/\/www.sankt-peter-koeln.de\/wp\/kunst-station\/beirat\/","title":{"rendered":"Beirat"},"content":{"rendered":"<p><strong>Der Kunst-Beirat der Kunst-Station Sankt Peter K\u00f6ln<\/strong><\/p>\n<p>&nbsp;<\/p>\n<p>Das k\u00fcnstlerische Programm der Kunst-Station Sankt Peter bestimmt der Kunst-Beirat. K\u00fcnstlerinnen und K\u00fcnstler, die eine Ausstellung oder eine Kunstintervention realisieren, werden von diesem Gremium ausgew\u00e4hlt und eingeladen.<\/p>\n<p>&nbsp;<\/p>\n<p>Bewerbungen sind nicht m\u00f6glich.<\/p>\n<p>&nbsp;<\/p>\n<p>An den Beratungen des Beirats nimmt P. Stephan Kessler als Pfarrer an Sankt Peter teil. Der Kunst-Beirat arbeitet unabh\u00e4ngig und entscheidet autonom. Er organisiert die Projekte in Zusammenarbeit mit den K\u00fcnstlerinnen und K\u00fcnstlern sowie Galerien und Kunstinstitutionen. Die Au\u00dfenvertretung der Kunst-Station Sankt Peter K\u00f6ln nehmen der k\u00fcnstlerische Leiter Guido Schlimbach und P. Stephan Kessler wahr.<\/p>\n<p>Die Beiratsmitglieder arbeiten f\u00fcr die Kunst-Station Sankt Peter ehrenamtlich.<\/p>\n<p>&nbsp;<\/p>\n<p>&nbsp;<\/p>\n<p><strong>Der Kunst-Beirat 2019-2023:<\/strong><\/p>\n<p>&nbsp;<\/p>\n<p>Dr. Renate Goldmann (seit 2008)<\/p>\n<p>Kunsthistorikerin, K\u00f6ln<\/p>\n<p>&nbsp;<\/p>\n<p>Kai Kullen (2008-2011, seit 2019)<\/p>\n<p>Art Direktor, K\u00f6ln &#8211; Hamburg<\/p>\n<p>&nbsp;<\/p>\n<p>Anne Mager (seit 2015)<\/p>\n<p>Kunstmanagerin, Dublin &#8211; K\u00f6ln<\/p>\n<p>&nbsp;<\/p>\n<p>Dr. Guido Schlimbach (seit 2008)<\/p>\n<p>Theologe, K\u00f6ln<\/p>\n<p>&nbsp;<\/p>\n<p>Dr. Friederike Schuler (seit 2015)<\/p>\n<p>Kunsthistorikerin, M\u00fcnchen &#8211; K\u00f6ln<\/p>\n<p>&nbsp;<\/p>\n<p>&nbsp;<\/p>\n<p><strong>Ehemalige Mitglieder des Beirats:<\/strong><\/p>\n<p>&nbsp;<\/p>\n<p>Barbara Cartoir (2000-2008)<\/p>\n<p>Dr. Wilfried Dickhoff (1990-2007)<\/p>\n<p>Dr. Mariana Hanstein (1993-2008)<\/p>\n<p>Gisela Neven DuMont (2002-2008)<\/p>\n<p>Christian Nitz (2012-2019)<\/p>\n<p>Clemens Alban Ottenhausen (2015-2019)<\/p>\n<p>Dr. Joachim Plotzek (1990-2008)<\/p>\n<p>Dr. Noemi Smolik (2000-2008)<\/p>\n<p>Dr. Eleonore Stoffel (1990-2007)<\/p>\n<p>Prof. Oswald M. Ungers (1990-1995)<\/p>\n<p>Sophia Ungers (2008-2015)<\/p>\n<p>Ulrich Wiegmann (2008-2010)<\/p>\n<p>Regina Wyrwoll (1990-2008)<\/p>\n<p>&nbsp;<\/p>\n<p>&nbsp;<\/p>\n<p>Ansprechpartnerin vor Ort: Ursula Mussenbrock<\/p>\n","protected":false},"excerpt":{"rendered":"<p>Der Kunst-Beirat der Kunst-Station Sankt Peter K\u00f6ln &nbsp; Das k\u00fcnstlerische Programm der Kunst-Station Sankt Peter bestimmt der Kunst-Beirat. K\u00fcnstlerinnen und K\u00fcnstler, die eine Ausstellung oder eine Kunstintervention realisieren, werden von diesem Gremium ausgew\u00e4hlt und eingeladen. &nbsp; Bewerbungen sind nicht m\u00f6glich. &nbsp; An den Beratungen des Beirats nimmt P. Stephan Kessler als Pfarrer an Sankt Peter [&hellip;]<\/p>\n","protected":false},"author":7,"featured_media":1583,"parent":575,"menu_order":33,"comment_status":"open","ping_status":"closed","template":"","meta":[],"_links":{"self":[{"href":"https:\/\/www.sankt-peter-koeln.de\/wp\/wp-json\/wp\/v2\/pages\/201"}],"collection":[{"href":"https:\/\/www.sankt-peter-koeln.de\/wp\/wp-json\/wp\/v2\/pages"}],"about":[{"href":"https:\/\/www.sankt-peter-koeln.de\/wp\/wp-json\/wp\/v2\/types\/page"}],"author":[{"embeddable":true,"href":"https:\/\/www.sankt-peter-koeln.de\/wp\/wp-json\/wp\/v2\/users\/7"}],"replies":[{"embeddable":true,"href":"https:\/\/www.sankt-peter-koeln.de\/wp\/wp-json\/wp\/v2\/comments?post=201"}],"version-history":[{"count":4,"href":"https:\/\/www.sankt-peter-koeln.de\/wp\/wp-json\/wp\/v2\/pages\/201\/revisions"}],"predecessor-version":[{"id":12813,"href":"https:\/\/www.sankt-peter-koeln.de\/wp\/wp-json\/wp\/v2\/pages\/201\/revisions\/12813"}],"up":[{"embeddable":true,"href":"https:\/\/www.sankt-peter-koeln.de\/wp\/wp-json\/wp\/v2\/pages\/575"}],"wp:featuredmedia":[{"embeddable":true,"href":"https:\/\/www.sankt-peter-koeln.de\/wp\/wp-json\/wp\/v2\/media\/1583"}],"wp:attachment":[{"href":"https:\/\/www.sankt-peter-koeln.de\/wp\/wp-json\/wp\/v2\/media?parent=201"}],"curies":[{"name":"wp","href":"https:\/\/api.w.org\/{rel}","templated":true}]}}