{"id":234,"date":"2011-06-14T13:16:32","date_gmt":"2011-06-14T13:16:32","guid":{"rendered":"http:\/\/www.sankt-peter-koeln.de\/wp\/?page_id=234"},"modified":"2026-02-06T12:46:59","modified_gmt":"2026-02-06T12:46:59","slug":"adressen","status":"publish","type":"page","link":"https:\/\/www.sankt-peter-koeln.de\/wp\/kontakt\/adressen\/","title":{"rendered":"Adressen"},"content":{"rendered":"<p>&nbsp;<\/p>\n<p>Die Kirche und die Kunst-Station Sankt Peter K\u00f6ln liegen mitten im Herzen von K\u00f6ln, zwischen Neumarkt und Heumarkt, unmittelbar neben dem Museum Schn\u00fctgen. Die n\u00e4chsten Haltestellen der KVB sind Neumarkt, Poststra\u00dfe und Heumarkt.<\/p>\n<p>&nbsp;<\/p>\n<p>Eine Anfahrtsskizze findet Sie auf dem <a href=\"http:\/\/maps.google.de\/maps?hl=de&amp;ie=UTF8&amp;q=Jabachstr+1,+50676+K\u00f6ln&amp;fb=1&amp;gl=de&amp;hnear=0x47bf259169ab2fe5:0x42760fc4a2a77f0,K\u00f6ln&amp;view=map&amp;cid=1567907629293752986&amp;ll=50.934163,6.952071&amp;spn=0.002025,0.004967&amp;t=h&amp;z=18\">Lageplan<\/a> in google.maps.<br \/>\nOder hier in <a href=\"http:\/\/www.openstreetmap.org\/export#map=18\/50.93436\/6.95185\">OpenStreetMap<\/a>.<\/p>\n<p>&nbsp;<\/p>\n<p><strong>Postalische Adresse <\/strong><\/p>\n<p>&nbsp;<\/p>\n<p>Sankt Peter K\u00f6ln | Kirche der Jesuiten<\/p>\n<p>Katholische Pfarrgemeinde<br \/>\nJabachstra\u00dfe 1, 50676 K\u00f6ln<\/p>\n<p>&nbsp;<\/p>\n<p>&nbsp;<\/p>\n<p><strong>Ansprechpartner<\/strong><\/p>\n<p>&nbsp;<\/p>\n<p><strong>Pfarrer:<\/strong><\/p>\n<p>Pater Stephan Ch. Kessler SJ<\/p>\n<p>T: 0221 \/ 921 303 15<\/p>\n<p><a href=\"mailto:kessler@sankt-peter-koeln.org\">kessler@sankt-peter-koeln.org<\/a><\/p>\n<p>&nbsp;<\/p>\n<p><strong>Sekretariat:<\/strong><\/p>\n<p>B\u00e4rbel Pohl<br \/>\nMontag-Freitag: 10-12 Uhr<\/p>\n<p>T: 0221 \/ 921 303 0<\/p>\n<p><a href=\"mailto:info@sankt-peter-koeln.org\">info@sankt-peter-koeln.org<\/a><\/p>\n<p>&nbsp;<\/p>\n<p><strong>K\u00fcster:<\/strong><\/p>\n<p>Ivan Diachenko<br \/>\nT: 0221 \/ 921 303 42<br \/>\n<a href=\"mailto:kuester@sankt-peter-koeln.de\"> kuester@sankt-peter-koeln.de<\/a><\/p>\n<p>&nbsp;<\/p>\n<p><strong>Kunst-Station Sankt Peter K\u00f6ln<br \/>\nZentrum f\u00fcr zeitgen\u00f6ssische Kunst und Musik<\/strong><br \/>\nMusikalischer Leiter und Organist:<br \/>\nMichael Veltman<br \/>\n<a href=\"mailto:musik@sankt-peter-koeln.de\">musik@sankt-peter-koeln.de<\/a><br \/>\n&nbsp;<\/p>\n<p>K\u00fcnstlerischer Leiter:<br \/>\nDr. Guido Schlimbach<br \/>\n<a href=\"mailto:kunst-station@sankt-peter-koeln.de\">kunst-station@sankt-peter-koeln.de<\/a><br \/>\nWir weisen ausdr\u00fccklich darauf hin, dass Bewerbungen f\u00fcr Ausstellungen nicht m\u00f6glich sind. Unaufgefordert eingesandte Kataloge und sonstige Unterlagen werden gew\u00fcrdigt, eine Beantwortung solcher Einreichungen kann aus personellen Gr\u00fcnden leider nicht erfolgen. Wir bitten um Verst\u00e4ndnis.<br \/>\nBesuchen Sie uns auf <a href=\"http:\/\/www.facebook.com\/pages\/Kunst-Station-Sankt-Peter-K\u00f6ln\/187481177971120\">facebook<\/a>.<\/p>\n<p>&nbsp;<\/p>\n<p><strong>Pfarrgemeinderat:<\/strong><\/p>\n<p>Vorsitzende: Sofie Taubert-Marx<br \/>\n<a href=\"mailto:pfarrgemeinderat@sankt-peter-koeln.de\"> pfarrgemeinderat@sankt-peter-koeln.de<\/a><\/p>\n<p>&nbsp;<\/p>\n<p><strong>Kirchenvorstand:<\/strong><\/p>\n<p>stellvertretende Vorsitzende: Marianne Schwieren<br \/>\n<a href=\"mailto:kirchenvorstand@sankt-peter-koeln.de\"> kirchenvorstand@sankt-peter-koeln.de<\/a><\/p>\n<p>&nbsp;<\/p>\n<p><strong>Altardienst und Ministranten:<\/strong><\/p>\n<p>Verantwortlich: Gero Schlesinger<br \/>\n<a href=\"mailto:altardienst@sankt-peter-koeln.de\"> altardienst@sankt-peter-koeln.de<\/a><\/p>\n<p>&nbsp;<\/p>\n<p><strong>Lektoren und Kommunionhelfer:<\/strong><\/p>\n<p>Verantwortlich: Dr. Heinz Greuling<br \/>\nlektoren(AT)sankt-peter-koeln.de<\/p>\n<p>&nbsp;<\/p>\n<p><strong>K\u00f6lner Rubens-Gesellschaft (KRG):<\/strong><\/p>\n<p>Verein der Freunde und F\u00f6rderer von Sankt Peter e.V.<br \/>\nVorsitzender: Dr. Guido Schlimbach<\/p>\n<p><a href=\"mailto:rubensgesellschaft@sankt-peter-koeln.de\">rubensgesellschaft@sankt-peter-koeln.de<\/a><\/p>\n<p>Besuchen Sie uns auf <a href=\"http:\/\/www.facebook.com\/pages\/K\u00f6lner-Rubens-Gesellschaft\/211859758854370\">facebook<\/a>.<\/p>\n<p>Bank im Bistum Essen:<br \/>\nIBAN: DE58 36060295 00 30272013<br \/>\nBIC: GENODED1BBE<\/p>\n<p>&nbsp;<\/p>\n","protected":false},"excerpt":{"rendered":"<p>&nbsp; Die Kirche und die Kunst-Station Sankt Peter K\u00f6ln liegen mitten im Herzen von K\u00f6ln, zwischen Neumarkt und Heumarkt, unmittelbar neben dem Museum Schn\u00fctgen. Die n\u00e4chsten Haltestellen der KVB sind Neumarkt, Poststra\u00dfe und Heumarkt. &nbsp; Eine Anfahrtsskizze findet Sie auf dem Lageplan in google.maps. Oder hier in OpenStreetMap. &nbsp; Postalische Adresse &nbsp; Sankt Peter K\u00f6ln [&hellip;]<\/p>\n","protected":false},"author":7,"featured_media":0,"parent":15,"menu_order":4,"comment_status":"open","ping_status":"closed","template":"","meta":[],"_links":{"self":[{"href":"https:\/\/www.sankt-peter-koeln.de\/wp\/wp-json\/wp\/v2\/pages\/234"}],"collection":[{"href":"https:\/\/www.sankt-peter-koeln.de\/wp\/wp-json\/wp\/v2\/pages"}],"about":[{"href":"https:\/\/www.sankt-peter-koeln.de\/wp\/wp-json\/wp\/v2\/types\/page"}],"author":[{"embeddable":true,"href":"https:\/\/www.sankt-peter-koeln.de\/wp\/wp-json\/wp\/v2\/users\/7"}],"replies":[{"embeddable":true,"href":"https:\/\/www.sankt-peter-koeln.de\/wp\/wp-json\/wp\/v2\/comments?post=234"}],"version-history":[{"count":12,"href":"https:\/\/www.sankt-peter-koeln.de\/wp\/wp-json\/wp\/v2\/pages\/234\/revisions"}],"predecessor-version":[{"id":14145,"href":"https:\/\/www.sankt-peter-koeln.de\/wp\/wp-json\/wp\/v2\/pages\/234\/revisions\/14145"}],"up":[{"embeddable":true,"href":"https:\/\/www.sankt-peter-koeln.de\/wp\/wp-json\/wp\/v2\/pages\/15"}],"wp:attachment":[{"href":"https:\/\/www.sankt-peter-koeln.de\/wp\/wp-json\/wp\/v2\/media?parent=234"}],"curies":[{"name":"wp","href":"https:\/\/api.w.org\/{rel}","templated":true}]}}