{"id":5397,"date":"2014-06-29T07:24:05","date_gmt":"2014-06-29T07:24:05","guid":{"rendered":"http:\/\/www.sankt-peter-koeln.de\/wp\/?page_id=5397"},"modified":"2015-01-24T11:13:30","modified_gmt":"2015-01-24T11:13:30","slug":"dominik-susteck-erhalt-2-preis-in-saarlouis","status":"publish","type":"page","link":"https:\/\/www.sankt-peter-koeln.de\/wp\/musik\/musik-projekte\/musik-archiv\/dominik-susteck-erhalt-2-preis-in-saarlouis\/","title":{"rendered":"Dominik Susteck erh\u00e4lt 2. Preis in Saarlouis"},"content":{"rendered":"<p><!-- P { margin-bottom: 0.21cm; } --><strong>Dominik Susteck erh\u00e4lt 2. Preis beim Kompositionswettbewerb der Stadt Saarlouis. Kein erster Preis vergeben.<\/strong><\/p>\n<p>&nbsp;<\/p>\n<p>Der Organist und Komponist der K\u00f6lner Kunst-Station Sankt Peter Dominik Susteck erh\u00e4lt den 2. Preis beim 7. Internationalen Orgelkompositionswettbewerb der Stadt Saarlouis 2014 f\u00fcr sein Werk \u201eSpur \u2013 Kerbe\u201c f\u00fcr Schlagzeug und Orgel. Den dritten Preis bekommt Torsten Sense f\u00fcr \u201eDie Einsamkeit des Funkers\u201c. Der erste Preis wurde ausgeschlossen. An dem Wettbewerb nahmen 77 Komponisten aus aller Welt teil. Die Jury bestand aus Thomas Daniel Schlee, Christiane Edinger, Rudolf Jungwirth, Armin Lamar, Lo\u00efc Malli\u00e9, Michael Radulescu und Friedrich Spangemacher. (www.klingende-kirche.de)<\/p>\n<p>&nbsp;<\/p>\n<p>Die Komposition \u201eSpur \u2013 Kerbe\u201c von Dominik Susteck beruft sich im Vorwort auf den Komponisten Iannis Xenakis: \u201eRhythmus, der sich ins Ged\u00e4chtnis brennt, an Xenakis denkend, schreibend, rei\u00dfend, einkerbend, klingendes Material, das sich zersetzt, Energie wird zu Klang, kommt zur Farbe, l\u00e4sst Melodie entstehen&#8230;\u201c Diese Einf\u00fchrung verr\u00e4t etwas \u00fcber die Form der Musik. Das Werk l\u00e4sst sich an jeder dreimanualigen Orgel auff\u00fchren.<\/p>\n<p>&nbsp;<\/p>\n<p>Das zun\u00e4chst mit dem ersten Preis nominierte St\u00fcck \u201eNight-voiced\u201c des Amerikaners Mark Winges wurde wegen einem Versto\u00df gegen die Wettbewerbsregeln ausgeschlossen. Deshalb wurde kein erster Preis vergeben.<\/p>\n<p>&nbsp;<\/p>\n<p>Laut dem Vereinsvorsitzenden Manfred Bo\u00dfmann soll es demnach im Herbst am 21. September zur Preisverleihung nun keine Urauff\u00fchrung geben. Stattdessen sei nur ein festliches Orgelkonzert anl\u00e4sslich der Orgeltage geplant. Die Komposition \u201eSpur \u2013 Kerbe\u201c wird stattdessen w\u00e4hrend des Festivals \u201eorgel-mixturen\u201c am 9. Oktober 2014 in der Kunst-Station Sankt Peter in K\u00f6ln uraufgef\u00fchrt. Es spielt der Organist Samuel Dobernecker (Dresden).<\/p>\n<p>&nbsp;<\/p>\n<div id=\"sdfootnote1\">\n<p><a name=\"sdfootnote1sym\" href=\"#sdfootnote1anc\">1<\/a><a href=\"http:\/\/http:\/\/www.saarbruecker-zeitung.de\/saarland\/dillingen\/Orgel-Kompositionswettbewerb-Saarlouis-Gewinner-aufmacher-Orgel-Wettbewerb;art2809,5286255\">http:\/\/www.saarbruecker-zeitung.de\/saarland\/dillingen\/Orgel-Kompositionswettbewerb-Saarlouis-Gewinner-aufmacher-Orgel-Wettbewerb;art2809,5286255<\/a><\/p>\n<\/div>\n","protected":false},"excerpt":{"rendered":"<p>Dominik Susteck erh\u00e4lt 2. Preis beim Kompositionswettbewerb der Stadt Saarlouis. Kein erster Preis vergeben. &nbsp; Der Organist und Komponist der K\u00f6lner Kunst-Station Sankt Peter Dominik Susteck erh\u00e4lt den 2. Preis beim 7. Internationalen Orgelkompositionswettbewerb der Stadt Saarlouis 2014 f\u00fcr sein Werk \u201eSpur \u2013 Kerbe\u201c f\u00fcr Schlagzeug und Orgel. Den dritten Preis bekommt Torsten Sense f\u00fcr [&hellip;]<\/p>\n","protected":false},"author":7,"featured_media":6248,"parent":6226,"menu_order":80,"comment_status":"open","ping_status":"closed","template":"unterseite.php","meta":[],"_links":{"self":[{"href":"https:\/\/www.sankt-peter-koeln.de\/wp\/wp-json\/wp\/v2\/pages\/5397"}],"collection":[{"href":"https:\/\/www.sankt-peter-koeln.de\/wp\/wp-json\/wp\/v2\/pages"}],"about":[{"href":"https:\/\/www.sankt-peter-koeln.de\/wp\/wp-json\/wp\/v2\/types\/page"}],"author":[{"embeddable":true,"href":"https:\/\/www.sankt-peter-koeln.de\/wp\/wp-json\/wp\/v2\/users\/7"}],"replies":[{"embeddable":true,"href":"https:\/\/www.sankt-peter-koeln.de\/wp\/wp-json\/wp\/v2\/comments?post=5397"}],"version-history":[{"count":3,"href":"https:\/\/www.sankt-peter-koeln.de\/wp\/wp-json\/wp\/v2\/pages\/5397\/revisions"}],"predecessor-version":[{"id":6369,"href":"https:\/\/www.sankt-peter-koeln.de\/wp\/wp-json\/wp\/v2\/pages\/5397\/revisions\/6369"}],"up":[{"embeddable":true,"href":"https:\/\/www.sankt-peter-koeln.de\/wp\/wp-json\/wp\/v2\/pages\/6226"}],"wp:featuredmedia":[{"embeddable":true,"href":"https:\/\/www.sankt-peter-koeln.de\/wp\/wp-json\/wp\/v2\/media\/6248"}],"wp:attachment":[{"href":"https:\/\/www.sankt-peter-koeln.de\/wp\/wp-json\/wp\/v2\/media?parent=5397"}],"curies":[{"name":"wp","href":"https:\/\/api.w.org\/{rel}","templated":true}]}}