{"id":6547,"date":"2015-01-25T10:00:41","date_gmt":"2015-01-25T10:00:41","guid":{"rendered":"http:\/\/www.sankt-peter-koeln.de\/wp\/?page_id=6547"},"modified":"2015-01-25T10:03:59","modified_gmt":"2015-01-25T10:03:59","slug":"computing-music","status":"publish","type":"page","link":"https:\/\/www.sankt-peter-koeln.de\/wp\/musik\/musik-projekte\/musik-2012\/computing-music\/","title":{"rendered":"Computing Music"},"content":{"rendered":"<p><strong>GIMIK<br \/>\n<\/strong>16.11.12<\/p>\n<p>&nbsp;<\/p>\n<p><a href=\"http:\/\/www.computing-music.de\/archiv\/cm_viii\/index.html\" target=\"_blank\"><img loading=\"lazy\" title=\"Screenshot 2015-01-23 18.02.30\" src=\"https:\/\/www.sankt-peter-koeln.de\/wp\/wp-content\/uploads\/Screenshot-2015-01-23-18.02.30-e1422032849221.png\" alt=\"\" width=\"140\" height=\"124\" \/><\/a><\/p>\n<p>&nbsp;<\/p>\n<p>In der achten Ausgabe der Reihe Computing Music stellt GIMIK Kompositionen und audiovisuelle Arbeiten f\u00fcr die Orgel der Kunst-Station Sankt Peter vor. Die Orgel spielt als computergesteuerte Maschine eigens f\u00fcr diese Veranstaltung komponierte Werke von Torsten Anders, Klarenz Barlow, Alan Fabian, Bernd H\u00e4rpfer, Frequenzwechsel, Siegfried Koepf, Mike Rijnierse, Jan Tr\u00fctzschler und Florian Zwi\u00dfler.<\/p>\n<p>&nbsp;<\/p>\n<p>Computing Music VIII ist ein Projekt der Initiative Musik und Informatik K\u00f6ln \u2013 GIMIK e.V. in Zusammenarbeit mit ON &#8211; Neue Musik K\u00f6ln, Plattform f\u00fcr k\u00fcnstlerische Produktion, gef\u00f6rdert duch das NRW Landesb\u00fcro Freie Kultur und das NRW KULTURsekretariat.<\/p>\n<p>&nbsp;<\/p>\n<p>Die Plattformen f\u00fcr k\u00fcnstlerische Produktion werden gef\u00f6rdert durch das Ministerium f\u00fcr Familie, Kinder, Jugend, Kultur und Sport des Landes Nordrhein-Westfalen, die RheinEnergieStiftung Kultur und den Landschaftsverband Rheinland (LVR). Sie finden statt im Rahmen von ON &#8211; Neue Musik K\u00f6ln, gef\u00f6rdert durch die Stadt K\u00f6ln.<\/p>\n","protected":false},"excerpt":{"rendered":"<p>GIMIK 16.11.12 &nbsp; &nbsp; In der achten Ausgabe der Reihe Computing Music stellt GIMIK Kompositionen und audiovisuelle Arbeiten f\u00fcr die Orgel der Kunst-Station Sankt Peter vor. Die Orgel spielt als computergesteuerte Maschine eigens f\u00fcr diese Veranstaltung komponierte Werke von Torsten Anders, Klarenz Barlow, Alan Fabian, Bernd H\u00e4rpfer, Frequenzwechsel, Siegfried Koepf, Mike Rijnierse, Jan Tr\u00fctzschler und [&hellip;]<\/p>\n","protected":false},"author":7,"featured_media":6209,"parent":6521,"menu_order":52,"comment_status":"open","ping_status":"closed","template":"","meta":[],"_links":{"self":[{"href":"https:\/\/www.sankt-peter-koeln.de\/wp\/wp-json\/wp\/v2\/pages\/6547"}],"collection":[{"href":"https:\/\/www.sankt-peter-koeln.de\/wp\/wp-json\/wp\/v2\/pages"}],"about":[{"href":"https:\/\/www.sankt-peter-koeln.de\/wp\/wp-json\/wp\/v2\/types\/page"}],"author":[{"embeddable":true,"href":"https:\/\/www.sankt-peter-koeln.de\/wp\/wp-json\/wp\/v2\/users\/7"}],"replies":[{"embeddable":true,"href":"https:\/\/www.sankt-peter-koeln.de\/wp\/wp-json\/wp\/v2\/comments?post=6547"}],"version-history":[{"count":3,"href":"https:\/\/www.sankt-peter-koeln.de\/wp\/wp-json\/wp\/v2\/pages\/6547\/revisions"}],"predecessor-version":[{"id":6550,"href":"https:\/\/www.sankt-peter-koeln.de\/wp\/wp-json\/wp\/v2\/pages\/6547\/revisions\/6550"}],"up":[{"embeddable":true,"href":"https:\/\/www.sankt-peter-koeln.de\/wp\/wp-json\/wp\/v2\/pages\/6521"}],"wp:featuredmedia":[{"embeddable":true,"href":"https:\/\/www.sankt-peter-koeln.de\/wp\/wp-json\/wp\/v2\/media\/6209"}],"wp:attachment":[{"href":"https:\/\/www.sankt-peter-koeln.de\/wp\/wp-json\/wp\/v2\/media?parent=6547"}],"curies":[{"name":"wp","href":"https:\/\/api.w.org\/{rel}","templated":true}]}}