{"id":6616,"date":"2015-01-25T14:55:42","date_gmt":"2015-01-25T14:55:42","guid":{"rendered":"http:\/\/www.sankt-peter-koeln.de\/wp\/?page_id=6616"},"modified":"2015-01-25T14:57:14","modified_gmt":"2015-01-25T14:57:14","slug":"orgel-mixturen","status":"publish","type":"page","link":"https:\/\/www.sankt-peter-koeln.de\/wp\/musik\/musik-projekte\/musik-2011\/orgel-mixturen\/","title":{"rendered":"orgel-mixturen"},"content":{"rendered":"<p><strong>orgel-mixturen 2011<br \/>\n<\/strong>7. Internationales Festival f\u00fcr zeitgen\u00f6ssische Orgelmusik<br \/>\n9.-15. Oktober 2011<\/p>\n<p>&nbsp;<\/p>\n<p><img loading=\"lazy\" title=\"M_AB_Projekte\" src=\"https:\/\/www.sankt-peter-koeln.de\/wp\/wp-content\/uploads\/M_AB_Projekte.jpg\" alt=\"M_AB_Projekte\" width=\"142\" height=\"142\" \/><\/p>\n<p>&nbsp;<\/p>\n<p>&nbsp;<\/p>\n<p>Konzerte:<\/p>\n<p>9. Oktober Dominik Susteck, K\u00f6ln<br \/>\n10. Oktober J\u00f6rg Abbing, Saarbr\u00fccken<br \/>\n11. Oktober Studierende der Hochschule f\u00fcr Musik und Tanz<br \/>\n12. Oktober Matthias Geuting, Essen<br \/>\n13. Oktober Gary Verkade, Schweden<br \/>\n14. Oktober Zsigmond Szathm\u00e1ry, Freiburg<br \/>\n15. Oktober Francesco Filidei, Paris<\/p>\n<p>&nbsp;<\/p>\n<p>Das 7. Internationale Festival f\u00fcr zeitgen\u00f6ssische Orgelmusik \u201eorgel-mixturen\u201c findet vom 9.-15. Oktober 2011 in K\u00f6ln statt. Auf dem Programm stehen Werke von Komponisten unterschiedlicher Generationen. Zur Er\u00f6ffnung am 9. Oktober um 19.30 Uhr wird eine Komposition der jungen Wiener Komponistin Joanna Wozny uraufgef\u00fchrt, die in diesem Jahr Composer in Residence in der Kunst-Station Sankt Peter ist. Ebenfalls ist der ehemalige K\u00f6lner Zimmermann-Preistr\u00e4ger Timo Ruttkamp mit dem Werk \u201eFarbenblind\u201c vertreten. Dominik Susteck spielt sein\u00a0k\u00fcrzlich im Dom uraufgef\u00fchrtes St\u00fcck \u201eFarblichter\u201c. Weitere G\u00e4ste sind unter anderem der Pionier zeitgen\u00f6ssischer Orgelmusik Zsigmond Szathm\u00e1ry, der Zacher-Sch\u00fcler Gary Verkade aus Schweden sowie der in Paris lebende italienische Orgelvirtuose Francesco Filidei.<\/p>\n","protected":false},"excerpt":{"rendered":"<p>orgel-mixturen 2011 7. Internationales Festival f\u00fcr zeitgen\u00f6ssische Orgelmusik 9.-15. Oktober 2011 &nbsp; &nbsp; &nbsp; Konzerte: 9. Oktober Dominik Susteck, K\u00f6ln 10. Oktober J\u00f6rg Abbing, Saarbr\u00fccken 11. Oktober Studierende der Hochschule f\u00fcr Musik und Tanz 12. Oktober Matthias Geuting, Essen 13. Oktober Gary Verkade, Schweden 14. Oktober Zsigmond Szathm\u00e1ry, Freiburg 15. Oktober Francesco Filidei, Paris &nbsp; [&hellip;]<\/p>\n","protected":false},"author":7,"featured_media":1582,"parent":6603,"menu_order":40,"comment_status":"open","ping_status":"closed","template":"","meta":[],"_links":{"self":[{"href":"https:\/\/www.sankt-peter-koeln.de\/wp\/wp-json\/wp\/v2\/pages\/6616"}],"collection":[{"href":"https:\/\/www.sankt-peter-koeln.de\/wp\/wp-json\/wp\/v2\/pages"}],"about":[{"href":"https:\/\/www.sankt-peter-koeln.de\/wp\/wp-json\/wp\/v2\/types\/page"}],"author":[{"embeddable":true,"href":"https:\/\/www.sankt-peter-koeln.de\/wp\/wp-json\/wp\/v2\/users\/7"}],"replies":[{"embeddable":true,"href":"https:\/\/www.sankt-peter-koeln.de\/wp\/wp-json\/wp\/v2\/comments?post=6616"}],"version-history":[{"count":2,"href":"https:\/\/www.sankt-peter-koeln.de\/wp\/wp-json\/wp\/v2\/pages\/6616\/revisions"}],"predecessor-version":[{"id":6619,"href":"https:\/\/www.sankt-peter-koeln.de\/wp\/wp-json\/wp\/v2\/pages\/6616\/revisions\/6619"}],"up":[{"embeddable":true,"href":"https:\/\/www.sankt-peter-koeln.de\/wp\/wp-json\/wp\/v2\/pages\/6603"}],"wp:featuredmedia":[{"embeddable":true,"href":"https:\/\/www.sankt-peter-koeln.de\/wp\/wp-json\/wp\/v2\/media\/1582"}],"wp:attachment":[{"href":"https:\/\/www.sankt-peter-koeln.de\/wp\/wp-json\/wp\/v2\/media?parent=6616"}],"curies":[{"name":"wp","href":"https:\/\/api.w.org\/{rel}","templated":true}]}}