{"id":6908,"date":"2015-05-13T07:23:33","date_gmt":"2015-05-13T07:23:33","guid":{"rendered":"http:\/\/www.sankt-peter-koeln.de\/wp\/?page_id=6908"},"modified":"2015-07-01T17:21:47","modified_gmt":"2015-07-01T17:21:47","slug":"on-neue-musik","status":"publish","type":"page","link":"https:\/\/www.sankt-peter-koeln.de\/wp\/musik\/musik-projekte\/musik-2015\/on-neue-musik\/","title":{"rendered":"ON Neue Musik: Kommas Ensemble"},"content":{"rendered":"<p><strong>Kommas Ensemble<\/strong><\/p>\n<p><img loading=\"lazy\" title=\"ON Neue Musik\" src=\"https:\/\/www.sankt-peter-koeln.de\/wp\/wp-content\/uploads\/Screenshot-2015-01-24-17.03.26.png\" alt=\"\" width=\"138\" height=\"140\" \/><\/p>\n<p>Kommas Ensemble, 2015 in K\u00f6ln gegr\u00fcndet, ist ein internationales Kollektiv junger<\/p>\n<p>Instrumentalisten und Komponisten, das aus der Idee der Verkn\u00fcpfung von<\/p>\n<p>zeitgen\u00f6ssischer Musik mit der Musiktradition entsteht, um einen Raum f\u00fcr Interaktion<\/p>\n<p>und Koexistenz aktueller Problemstellungen und deren Bezug zur Vergangenheit<\/p>\n<p>bieten zu k\u00f6nnen. Dass jede Musik\u00a0<em>sich<\/em>, auf die eine oder andere Weise, auf eine<\/p>\n<p>andere Musik\u00a0<em>bezieht<\/em>, ist der Dreh- und Angelpunkt, der die Musiker zum kreativen Schaffen veranlasst.<\/p>\n<p>&nbsp;<\/p>\n<p>Christian V\u00e1squez (1969)<\/p>\n<p><em>Colibr\u00ed <\/em>(2009)<\/p>\n<p>f\u00fcr Geige solo, 15 min.<\/p>\n<p>&nbsp;<\/p>\n<p>Alban Berg (1885-1935)<\/p>\n<p><em>Vier St\u00fccke, <\/em>op. 5 (1913)<\/p>\n<p>f\u00fcr Klarinette und! Klavier, 8 min.<\/p>\n<p>&nbsp;<\/p>\n<p>Francisco Concha Goldschmidt (1981)<\/p>\n<p>in memoriam (2013)<\/p>\n<p>f\u00fcr Geige solo und Ensemble<\/p>\n<p>(Fl\u00f6te, Bassklarinette, Geige, Cello und Klavier) 15 min.<\/p>\n<p>&nbsp;<\/p>\n<p><em> <\/em><\/p>\n<p><em>-pause-<\/em><\/p>\n<p>&nbsp;<\/p>\n<p>Mathias Spahlinger (1944)<\/p>\n<p><em>adieu m`amour <\/em>(1983)<\/p>\n<p>f\u00fcr Geige und Cello, 12 min.<\/p>\n<p>&nbsp;<\/p>\n<p>Bela Bart\u00f3k (1981-1945)<\/p>\n<p><em>Contrasts <\/em>(1938)<\/p>\n<p>f\u00fcr Klarinette, Geige und Klavier, 20 min.<\/p>\n<p>&nbsp;<\/p>\n<p>Kommas Ensemble<br \/>\nChristian V\u00e1squez Miranda &#8211; Fl\u00f6te \/ Komponist<\/p>\n<p>Blake Weston &#8211; Klarinette<\/p>\n<p>Johannes Haase &#8211; Geige<\/p>\n<p>Gustavo Vergara &#8211; Geige<\/p>\n<p>Bernhard Rath &#8211; Cello<\/p>\n<p>Alberto Carnevale Ricci &#8211; Klavier<\/p>\n<p>Francisco Concha Goldschmidt &#8211; K\u00fcnstlerischer Leiter \/ Komponist<\/p>\n<p>&nbsp;<\/p>\n","protected":false},"excerpt":{"rendered":"<p>Kommas Ensemble Kommas Ensemble, 2015 in K\u00f6ln gegr\u00fcndet, ist ein internationales Kollektiv junger Instrumentalisten und Komponisten, das aus der Idee der Verkn\u00fcpfung von zeitgen\u00f6ssischer Musik mit der Musiktradition entsteht, um einen Raum f\u00fcr Interaktion und Koexistenz aktueller Problemstellungen und deren Bezug zur Vergangenheit bieten zu k\u00f6nnen. Dass jede Musik\u00a0sich, auf die eine oder andere Weise, [&hellip;]<\/p>\n","protected":false},"author":7,"featured_media":6462,"parent":6289,"menu_order":65,"comment_status":"open","ping_status":"closed","template":"","meta":[],"_links":{"self":[{"href":"https:\/\/www.sankt-peter-koeln.de\/wp\/wp-json\/wp\/v2\/pages\/6908"}],"collection":[{"href":"https:\/\/www.sankt-peter-koeln.de\/wp\/wp-json\/wp\/v2\/pages"}],"about":[{"href":"https:\/\/www.sankt-peter-koeln.de\/wp\/wp-json\/wp\/v2\/types\/page"}],"author":[{"embeddable":true,"href":"https:\/\/www.sankt-peter-koeln.de\/wp\/wp-json\/wp\/v2\/users\/7"}],"replies":[{"embeddable":true,"href":"https:\/\/www.sankt-peter-koeln.de\/wp\/wp-json\/wp\/v2\/comments?post=6908"}],"version-history":[{"count":3,"href":"https:\/\/www.sankt-peter-koeln.de\/wp\/wp-json\/wp\/v2\/pages\/6908\/revisions"}],"predecessor-version":[{"id":7061,"href":"https:\/\/www.sankt-peter-koeln.de\/wp\/wp-json\/wp\/v2\/pages\/6908\/revisions\/7061"}],"up":[{"embeddable":true,"href":"https:\/\/www.sankt-peter-koeln.de\/wp\/wp-json\/wp\/v2\/pages\/6289"}],"wp:featuredmedia":[{"embeddable":true,"href":"https:\/\/www.sankt-peter-koeln.de\/wp\/wp-json\/wp\/v2\/media\/6462"}],"wp:attachment":[{"href":"https:\/\/www.sankt-peter-koeln.de\/wp\/wp-json\/wp\/v2\/media?parent=6908"}],"curies":[{"name":"wp","href":"https:\/\/api.w.org\/{rel}","templated":true}]}}