{"id":7233,"date":"2015-09-16T08:05:04","date_gmt":"2015-09-16T08:05:04","guid":{"rendered":"http:\/\/www.sankt-peter-koeln.de\/wp\/?page_id=7233"},"modified":"2015-09-24T07:23:36","modified_gmt":"2015-09-24T07:23:36","slug":"sons-sans-sens","status":"publish","type":"page","link":"https:\/\/www.sankt-peter-koeln.de\/wp\/musik\/musik-projekte\/musik-2015\/sons-sans-sens\/","title":{"rendered":"SONS SANS SENS"},"content":{"rendered":"<p><strong>Konzert 23.9.2015 um 19 Uhr<\/strong><\/p>\n<p>1677 gibt Marx Ziegler das\u00a0<em>Weber Kunst und Bild Buch <\/em>heraus, das zwischen 1708 und 1736 von Nathanael Lumscher als\u00a0<em>Neu Eingerichtetes Weber Kunst und Bild Buch <\/em>erweitert wird und als das erste Musterbuch, Muster von Geweben archiviert und reproduzierbar macht.<\/p>\n<p><a href=\"http:\/\/www.lealetzel.de\/sons-sans-sons-meaningless-sounds\/\" target=\"_blank\"><img loading=\"lazy\" title=\"Webereinotation1\" src=\"https:\/\/www.sankt-peter-koeln.de\/wp\/wp-content\/uploads\/Webereinotation1.jpeg\" alt=\"\" width=\"398\" height=\"336\" \/><\/a><\/p>\n<p>&nbsp;<\/p>\n<p>Die Strukturen von Webstuhl und Gewebe sind in der Notation miteinander verbunden. \u00c4hnlich wie die konventionelle Notenschrift dem Musiker den Verlauf einer Melodie vermittelt, l\u00e4sst sich \u00fcber die Webpartitur bereits die Gestalt des zuk\u00fcnftigen Werkst\u00fccks ablesen. Besonders auffallend ist dabei nicht nur die visuelle \u00c4hnlichkeit der vertikal verlaufenden Kettf\u00e4den zu Notenlinien, sondern ebenso das musikalische Vokabular innerhalb der beiden Notationssysteme: Die Weber sprechen von einer Partitur und dem Webstuhl als ihrem Instrument.<br \/>\nSabine Akiko Ahrendt (Violine), Dominik Susteck (Orgel) und Florian Zwissler (analoge Synthesizer) \u00fcbersetzen die Gewebenotation in ein musikalisches System und bringen die Muster der Weberei zum Erklingen.<\/p>\n<p>&nbsp;<\/p>\n<p>Ein Konzert des Deutschen Musikrats und ON Neue Musik K\u00f6ln, ON Neue Musik K\u00f6ln wird gef\u00f6rdert durch die Stadt K\u00f6ln.<\/p>\n","protected":false},"excerpt":{"rendered":"<p>Konzert 23.9.2015 um 19 Uhr 1677 gibt Marx Ziegler das\u00a0Weber Kunst und Bild Buch heraus, das zwischen 1708 und 1736 von Nathanael Lumscher als\u00a0Neu Eingerichtetes Weber Kunst und Bild Buch erweitert wird und als das erste Musterbuch, Muster von Geweben archiviert und reproduzierbar macht. &nbsp; Die Strukturen von Webstuhl und Gewebe sind in der Notation [&hellip;]<\/p>\n","protected":false},"author":7,"featured_media":5247,"parent":6289,"menu_order":55,"comment_status":"open","ping_status":"closed","template":"","meta":[],"_links":{"self":[{"href":"https:\/\/www.sankt-peter-koeln.de\/wp\/wp-json\/wp\/v2\/pages\/7233"}],"collection":[{"href":"https:\/\/www.sankt-peter-koeln.de\/wp\/wp-json\/wp\/v2\/pages"}],"about":[{"href":"https:\/\/www.sankt-peter-koeln.de\/wp\/wp-json\/wp\/v2\/types\/page"}],"author":[{"embeddable":true,"href":"https:\/\/www.sankt-peter-koeln.de\/wp\/wp-json\/wp\/v2\/users\/7"}],"replies":[{"embeddable":true,"href":"https:\/\/www.sankt-peter-koeln.de\/wp\/wp-json\/wp\/v2\/comments?post=7233"}],"version-history":[{"count":3,"href":"https:\/\/www.sankt-peter-koeln.de\/wp\/wp-json\/wp\/v2\/pages\/7233\/revisions"}],"predecessor-version":[{"id":7282,"href":"https:\/\/www.sankt-peter-koeln.de\/wp\/wp-json\/wp\/v2\/pages\/7233\/revisions\/7282"}],"up":[{"embeddable":true,"href":"https:\/\/www.sankt-peter-koeln.de\/wp\/wp-json\/wp\/v2\/pages\/6289"}],"wp:featuredmedia":[{"embeddable":true,"href":"https:\/\/www.sankt-peter-koeln.de\/wp\/wp-json\/wp\/v2\/media\/5247"}],"wp:attachment":[{"href":"https:\/\/www.sankt-peter-koeln.de\/wp\/wp-json\/wp\/v2\/media?parent=7233"}],"curies":[{"name":"wp","href":"https:\/\/api.w.org\/{rel}","templated":true}]}}