{"id":7430,"date":"2015-12-15T19:55:06","date_gmt":"2015-12-15T19:55:06","guid":{"rendered":"http:\/\/www.sankt-peter-koeln.de\/wp\/?page_id=7430"},"modified":"2016-05-23T09:09:48","modified_gmt":"2016-05-23T09:09:48","slug":"olafur-eliasson-inner-touch-sphere","status":"publish","type":"page","link":"https:\/\/www.sankt-peter-koeln.de\/wp\/kunst-station\/kunst-archiv\/olafur-eliasson-inner-touch-sphere\/","title":{"rendered":"Olafur Eliasson &#8211; Inner Touch Sphere"},"content":{"rendered":"<p><strong>Olafur Eliasson &#8211; Inner Touch Sphere<\/strong> 24. Dezember 2015 \u2013 2. Februar 2016<\/p>\n<p>&nbsp;<\/p>\n<p><em>\u201e &#8230; im Prinzip ist die Wirklichkeit \u00fcberhaupt nicht wirklich. Unsere Auseinandersetzung mit der Wirklichkeit ist das Wirklichste, was wir haben, der Rest ist relativ.\u201c <\/em><em>Olafur Eliasson<\/em><\/p>\n<p>&nbsp;<\/p>\n<p>Die Kunst-Station Sankt Peter K\u00f6ln zeigt von Weihnachten bis Mari\u00e4 Lichtmess in der Taufkapelle des romanischen Kirchturms von 1170 die Lichtinstallation \u201eInner touch sphere\u201c (2012) von Olafur Eliasson.<\/p>\n<p>&nbsp;<\/p>\n<p>Ein Leuchtobjekt aus Spiegeln und farbigem Glas bricht und reflektiert das Licht. Im diffusen Dunkel der mittelalterlichen Architektur projiziert das Kunstwerk ein Ornament auf die W\u00e4nde, das an die Struktur von Eiskristallen, aber auch an abstrahierte kosmische Ph\u00e4nomene denken l\u00e4sst und damit an einen leuchtenden Stern erinnert.<\/p>\n<p>&nbsp;<\/p>\n<p><em>Station 32 am 20. K\u00f6lner Krippenweg<\/em><\/p>\n<p>&nbsp;<\/p>\n<p>. . . . . . . . . . . . . . . . . . . . . . . . . . . . . . . . . . .     . .  . . . . . . . . . . . . . . . . . . . . . . . . . . . . .<\/p>\n<p>&nbsp;<\/p>\n<p><strong>Der K\u00fcnstler<\/strong><br \/>\nOlafur Eliasson (*1967 Kopenhagen) verbrachte seine Kindheit und Jugend in Island und D\u00e4nemark auf, heute lebt er in Berlin und arbeitet in seinem 1995 gegr\u00fcndeten Studio mit einem Team. Bekannt wurde Eliasson unter anderem mit \u201eThe weather project\u201c in der gro\u00dfen Halle der Tate Modern (2003) sowie \u201eThe New York City Waterfalls\u201c entlang des East  Rivers (2008).<br \/>\nSeine raumgreifenden Installationen arbeiten ebenso wie  seine kleineren Skulpturen mit Farbe, Licht und Bewegung und \u00fcberf\u00fchren  oft Naturph\u00e4nomene in ungewohnte Kontexte.<\/p>\n<p>&nbsp;<\/p>\n<p>. . . . . . . . . . . . . . . . . . . . . . . . . . . . . . . . . . .    .  .  . . . . . . . . . . . . . . . . . . . . . . . . . . . . .<\/p>\n<p>&nbsp;<\/p>\n<p>&nbsp;<\/p>\n<p><a href=\"https:\/\/www.sankt-peter-koeln.de\/wp\/wp-content\/uploads\/K_Sankt-Peter-Plakat-Claire-Morgan-web.jpg\"><\/a><a href=\"https:\/\/www.sankt-peter-koeln.de\/wp\/wp-content\/uploads\/K_Eliasson-Sankt-Peter-Plakat-web.jpg\"><img loading=\"lazy\" class=\"alignnone size-full wp-image-7431\" title=\"K_Eliasson-Sankt-Peter-Plakat-web\" src=\"https:\/\/www.sankt-peter-koeln.de\/wp\/wp-content\/uploads\/K_Eliasson-Sankt-Peter-Plakat-web.jpg\" alt=\"Olafur Eliasson: Innen Touch Sphere (2012) in der Kunst-Station Sankt Peter K\u00f6ln\" width=\"530\" height=\"750\" srcset=\"https:\/\/www.sankt-peter-koeln.de\/wp\/wp-content\/uploads\/K_Eliasson-Sankt-Peter-Plakat-web.jpg 530w, https:\/\/www.sankt-peter-koeln.de\/wp\/wp-content\/uploads\/K_Eliasson-Sankt-Peter-Plakat-web-212x300.jpg 212w\" sizes=\"(max-width: 530px) 100vw, 530px\" \/><\/a><br \/>\nOlafur Eliasson: Inner Touch Sphere (2012). Photo: Christopher Clem Franken, 2015<\/p>\n<p>. . . . . . . . . . . . . . . . . . . . . . . . . . . . . . . . . . .     . .  . . . . . . . . . . . . . . . . . . . . . . . . . . . . .<\/p>\n<p>&nbsp;<\/p>\n<p><strong>Werkgespr\u00e4che und Vortr\u00e4ge<\/strong><br \/>\nSonntag, 10.1.2016 \/\/ 13.15 Uhr<br \/>\nWerkgespr\u00e4ch: Olafur Eliasson &#8211; Inner Touch Sphere<br \/>\n<em>mit Renate Goldmann <\/em><\/p>\n<p>&nbsp;<\/p>\n<p>Sonntag, 24.1.2016 \/\/ 19.15 Uhr<br \/>\nWerkgespr\u00e4ch: Olafur Eliasson &#8211; Inner Touch Sphere<br \/>\n<em>mit Friederike Schuler<\/em><\/p>\n<p>&nbsp;<\/p>\n<p>Dienstag, 2.2.2016 \/\/ 19 Uhr<br \/>\nVortrag: \u201eLichtbilder &#8211; Bilder aus Licht\u201c<br \/>\nLichtinstallationen in der Kunst-Station Sankt Peter K\u00f6ln<br \/>\n<em>von Guido Schlimbach<\/em><\/p>\n<p>&nbsp;<\/p>\n<p>. . . . . . . . . . . . . . . . . . . . . . . . . . . . . . . . . . .     . .  . . . . . . . . . . . . . . . . . . . . . . . . . . . . .<\/p>\n<p>&nbsp;<\/p>\n<p><strong>By<\/strong>Olafur Eliasson<\/p>\n<p>&nbsp;<\/p>\n<p><strong>Courtesy of<\/strong>Der K\u00fcnstler; neugerriemschneider, Berlin<\/p>\n<p>&nbsp;<\/p>\n<p><strong>Mit freudlicher Unterst\u00fctzung von<\/strong>K\u00f6lner Rubensgesellschaft<\/p>\n<p>&nbsp;<\/p>\n","protected":false},"excerpt":{"rendered":"<p>Olafur Eliasson &#8211; Inner Touch Sphere 24. Dezember 2015 \u2013 2. Februar 2016 &nbsp; \u201e &#8230; im Prinzip ist die Wirklichkeit \u00fcberhaupt nicht wirklich. Unsere Auseinandersetzung mit der Wirklichkeit ist das Wirklichste, was wir haben, der Rest ist relativ.\u201c Olafur Eliasson &nbsp; Die Kunst-Station Sankt Peter K\u00f6ln zeigt von Weihnachten bis Mari\u00e4 Lichtmess in der [&hellip;]<\/p>\n","protected":false},"author":7,"featured_media":7435,"parent":3854,"menu_order":89,"comment_status":"open","ping_status":"closed","template":"","meta":[],"_links":{"self":[{"href":"https:\/\/www.sankt-peter-koeln.de\/wp\/wp-json\/wp\/v2\/pages\/7430"}],"collection":[{"href":"https:\/\/www.sankt-peter-koeln.de\/wp\/wp-json\/wp\/v2\/pages"}],"about":[{"href":"https:\/\/www.sankt-peter-koeln.de\/wp\/wp-json\/wp\/v2\/types\/page"}],"author":[{"embeddable":true,"href":"https:\/\/www.sankt-peter-koeln.de\/wp\/wp-json\/wp\/v2\/users\/7"}],"replies":[{"embeddable":true,"href":"https:\/\/www.sankt-peter-koeln.de\/wp\/wp-json\/wp\/v2\/comments?post=7430"}],"version-history":[{"count":3,"href":"https:\/\/www.sankt-peter-koeln.de\/wp\/wp-json\/wp\/v2\/pages\/7430\/revisions"}],"predecessor-version":[{"id":7960,"href":"https:\/\/www.sankt-peter-koeln.de\/wp\/wp-json\/wp\/v2\/pages\/7430\/revisions\/7960"}],"up":[{"embeddable":true,"href":"https:\/\/www.sankt-peter-koeln.de\/wp\/wp-json\/wp\/v2\/pages\/3854"}],"wp:featuredmedia":[{"embeddable":true,"href":"https:\/\/www.sankt-peter-koeln.de\/wp\/wp-json\/wp\/v2\/media\/7435"}],"wp:attachment":[{"href":"https:\/\/www.sankt-peter-koeln.de\/wp\/wp-json\/wp\/v2\/media?parent=7430"}],"curies":[{"name":"wp","href":"https:\/\/api.w.org\/{rel}","templated":true}]}}