{"id":8044,"date":"2016-06-21T15:09:22","date_gmt":"2016-06-21T15:09:22","guid":{"rendered":"http:\/\/www.sankt-peter-koeln.de\/wp\/?page_id=8044"},"modified":"2016-06-21T15:12:03","modified_gmt":"2016-06-21T15:12:03","slug":"markus-stockhausen","status":"publish","type":"page","link":"https:\/\/www.sankt-peter-koeln.de\/wp\/musik\/musik-projekte\/musik-2016\/markus-stockhausen\/","title":{"rendered":"Markus Stockhausen"},"content":{"rendered":"<p><strong>Intuitive Music Orchestra<\/strong><br \/>\n&nbsp;<br \/>\n<a href=\"https:\/\/www.sankt-peter-koeln.de\/wp\/wp-content\/uploads\/2016\/06\/IMO.jpg\"><img loading=\"lazy\" class=\"alignnone size-full wp-image-8042\" title=\"IMO\" src=\"https:\/\/www.sankt-peter-koeln.de\/wp\/wp-content\/uploads\/2016\/06\/IMO.jpg\" alt=\"\" width=\"447\" height=\"296\" srcset=\"https:\/\/www.sankt-peter-koeln.de\/wp\/wp-content\/uploads\/2016\/06\/IMO.jpg 4928w, https:\/\/www.sankt-peter-koeln.de\/wp\/wp-content\/uploads\/2016\/06\/IMO-300x198.jpg 300w, https:\/\/www.sankt-peter-koeln.de\/wp\/wp-content\/uploads\/2016\/06\/IMO-1024x678.jpg 1024w\" sizes=\"(max-width: 447px) 100vw, 447px\" \/><\/a><\/p>\n<p>&nbsp;<\/p>\n<p>Die Musik von Markus Stockhausen und seinem Intuitive Music Orchestra entsteht intuitiv und bewegt sich jenseits aller musikalischen Grenzen. Und auch die MitspielerInnen des Orchesters kommen aus ganz unterschiedlichen musikalischen Provenienzen (u.a. Klassik, Neue Musik, Jazz).<br \/>\n&nbsp;<br \/>\nDer Begriff der Intuitiven Musik wurde urspr\u00fcnglich in den 60er Jahren von Karlheinz Stockhausen gepr\u00e4gt. Markus Stockhausen hat daraus seinen ganz eigenen Ansatz entwickelt. Er ist stilistisch weiter gefasst. So entsteht eine Musik, die jenseits aller Stilrichtungen ist und sich keiner verweigert. Sie gibt dem Musiker die gr\u00f6\u00dftm\u00f6gliche Ausdruckm\u00f6glichkeit und legt alle Verantwortung in die Hand des Spielers. Er entscheidet \u00fcber das Tonmaterial, die Form, den Ausdruck, eben die ganze Gestaltung der Musik. Es geht um eine Offenheit und Sensibilit\u00e4t, die ganz auf das Hier und Jetzt gerichtet ist. Daher sagt Markus Stockhausen \u00fcber diese Kunstform: \u201eIntuitive Musik ist f\u00fcr mich die faszinierendste und tiefgr\u00fcndigste Art zu musizieren, denn alles wird im Augenblick entschieden.\u201c<br \/>\n&nbsp;<br \/>\n<a href=\"http:\/\/www.markusstockhausen.de\" target=\"_blank\"> www.markusstockhausen.de<\/a><br \/>\n&nbsp;<br \/>\nMarkus Stockhausen, Leitung, Trompete<br \/>\nVanessa Vieto, Gesang<br \/>\nFrank Ebeling, Gesang und Elektronik<br \/>\nStephanie Lepp, Fl\u00f6te<br \/>\nDorit Sch\u00e4ffler, Klarinetten<br \/>\nIshu Lohmann, Saxophon<br \/>\nThomas Becker, Klavier<br \/>\nVolkmar M\u00fcller, Keyboards und Elektronik<br \/>\nAnne Krickeberg, Cello<br \/>\nSabine Melchiori, Bass<br \/>\n&nbsp;<br \/>\nDieses Konzert wird gef\u00f6rdert vom Landesmusikrat NRW.<\/p>\n","protected":false},"excerpt":{"rendered":"<p>Intuitive Music Orchestra &nbsp; &nbsp; Die Musik von Markus Stockhausen und seinem Intuitive Music Orchestra entsteht intuitiv und bewegt sich jenseits aller musikalischen Grenzen. Und auch die MitspielerInnen des Orchesters kommen aus ganz unterschiedlichen musikalischen Provenienzen (u.a. Klassik, Neue Musik, Jazz). &nbsp; Der Begriff der Intuitiven Musik wurde urspr\u00fcnglich in den 60er Jahren von Karlheinz [&hellip;]<\/p>\n","protected":false},"author":7,"featured_media":6363,"parent":7511,"menu_order":50,"comment_status":"open","ping_status":"closed","template":"","meta":[],"_links":{"self":[{"href":"https:\/\/www.sankt-peter-koeln.de\/wp\/wp-json\/wp\/v2\/pages\/8044"}],"collection":[{"href":"https:\/\/www.sankt-peter-koeln.de\/wp\/wp-json\/wp\/v2\/pages"}],"about":[{"href":"https:\/\/www.sankt-peter-koeln.de\/wp\/wp-json\/wp\/v2\/types\/page"}],"author":[{"embeddable":true,"href":"https:\/\/www.sankt-peter-koeln.de\/wp\/wp-json\/wp\/v2\/users\/7"}],"replies":[{"embeddable":true,"href":"https:\/\/www.sankt-peter-koeln.de\/wp\/wp-json\/wp\/v2\/comments?post=8044"}],"version-history":[{"count":3,"href":"https:\/\/www.sankt-peter-koeln.de\/wp\/wp-json\/wp\/v2\/pages\/8044\/revisions"}],"predecessor-version":[{"id":8051,"href":"https:\/\/www.sankt-peter-koeln.de\/wp\/wp-json\/wp\/v2\/pages\/8044\/revisions\/8051"}],"up":[{"embeddable":true,"href":"https:\/\/www.sankt-peter-koeln.de\/wp\/wp-json\/wp\/v2\/pages\/7511"}],"wp:featuredmedia":[{"embeddable":true,"href":"https:\/\/www.sankt-peter-koeln.de\/wp\/wp-json\/wp\/v2\/media\/6363"}],"wp:attachment":[{"href":"https:\/\/www.sankt-peter-koeln.de\/wp\/wp-json\/wp\/v2\/media?parent=8044"}],"curies":[{"name":"wp","href":"https:\/\/api.w.org\/{rel}","templated":true}]}}