{"id":8522,"date":"2017-01-16T19:58:51","date_gmt":"2017-01-16T19:58:51","guid":{"rendered":"http:\/\/www.sankt-peter-koeln.de\/wp\/?page_id=8522"},"modified":"2017-02-08T19:12:09","modified_gmt":"2017-02-08T19:12:09","slug":"auffuehrung-von-zeichen-fuer-orgel","status":"publish","type":"page","link":"https:\/\/www.sankt-peter-koeln.de\/wp\/musik\/musik-projekte\/musik-2017\/auffuehrung-von-zeichen-fuer-orgel\/","title":{"rendered":"Auff\u00fchrung von &#8222;Zeichen&#8220; f\u00fcr Orgel"},"content":{"rendered":"<p><strong>Werkstattkonzert \u2013 Orgel<\/strong><br \/>\n&nbsp;<br \/>\n<img loading=\"lazy\" width=\"150\" height=\"113\" class=\"alignnone size-full wp-image-8521\" src=\"https:\/\/www.sankt-peter-koeln.de\/wp\/wp-content\/uploads\/2017\/01\/14556528_10210913644183130_8544750903276406198_o-Kopie-e1484596839816.jpg\" alt=\"14556528_10210913644183130_8544750903276406198_o-kopie\" \/><br \/>\n&nbsp;<br \/>\nFreitag, 20.1.17, 19 Uhr<br \/>\nSt. Mari\u00e4 Geburt, Althofstra\u00dfe, 45468 M\u00fclheim\/Ruhr<br \/>\n&nbsp;<br \/>\nSamstag, 21.1.17, 19.30 Uhr<br \/>\nSt. Mari\u00e4 Empf\u00e4ngnis, Holbeinstra\u00dfe, 45147 Essen-Holsterhausen<br \/>\n&nbsp;<br \/>\nSonntag, 22.1.17, 16 Uhr<br \/>\nSt. Peter, Jabachstra\u00dfe, 50676 K\u00f6ln<br \/>\n&nbsp;<br \/>\n<em>Studierende der Bisch\u00f6flichen Kirchenmusikschule Essen,\u00a0Tomislav Barbaric, Alexander Gr\u00fcn, Natalie Mol, Tobias Seidel, Matija Vudjan spielen den Orgelzyklus \u201eZeichen\u201c von Dominik Susteck<\/em><br \/>\n&nbsp;<br \/>\n<iframe loading=\"lazy\" width=\"400\" height=\"225\" src=\"https:\/\/www.youtube-nocookie.com\/embed\/3ern4efLSLk\" frameborder=\"0\" allowfullscreen><\/iframe><\/p>\n<p>&nbsp;<\/p>\n<p>Die Komposition \u201eZeichen\u201c als Kompositionsauftrag der Bisch\u00f6flichen Kirchenmusikschule Essen wurde am 5. Oktober 2016 im Essener Dom uraufgef\u00fchrt. Anlass war das Jubil\u00e4um \u201e50 Jahre Bisch\u00f6fliche Kirchenmusikschule Essen\u201c, das mit mehreren Veranstaltungen unterschiedlichen Charakters auf sich aufmerksam macht. 2017 wird zu drei Folgeauff\u00fchrungen in M\u00fclheim, Essen und K\u00f6ln eingeladen.<br \/>\n&nbsp;<br \/>\nDas Orgelwerk \u201eZeichen\u201c besteht aus 6 S\u00e4tzen mit einer Gesamtspieldauer von 30 Minuten. Neben herk\u00f6mmlicher Spielweise finden sich auch unkonventionelle Spieltechniken in der Musik. In \u201eMorse\u201c findet sich ein als Morsezeichen verklausuliertes Zitat: \u201e\u00d6ffne dich\u201c. \u201eFunkfeuer\u201c ist ein gestreutes Signal, dass Flugzeugen die Orientierung bietet. In diesem Satz pfeift der Organist zu seinem Spiel. In \u201eSchatten\u201c huscht der Spieler \u00fcber die Tasten. \u201eEchos\u201c spielt mit den Manualen, \u201eSignal\u201c mit Repetitionen und in \u201eGeister\u201c bedient der Organist verschiedene Zusatzinstrumente wie Tambourin oder Rollschellen.<\/p>\n","protected":false},"excerpt":{"rendered":"<p>Werkstattkonzert \u2013 Orgel &nbsp; &nbsp; Freitag, 20.1.17, 19 Uhr St. Mari\u00e4 Geburt, Althofstra\u00dfe, 45468 M\u00fclheim\/Ruhr &nbsp; Samstag, 21.1.17, 19.30 Uhr St. Mari\u00e4 Empf\u00e4ngnis, Holbeinstra\u00dfe, 45147 Essen-Holsterhausen &nbsp; Sonntag, 22.1.17, 16 Uhr St. Peter, Jabachstra\u00dfe, 50676 K\u00f6ln &nbsp; Studierende der Bisch\u00f6flichen Kirchenmusikschule Essen,\u00a0Tomislav Barbaric, Alexander Gr\u00fcn, Natalie Mol, Tobias Seidel, Matija Vudjan spielen den Orgelzyklus \u201eZeichen\u201c [&hellip;]<\/p>\n","protected":false},"author":7,"featured_media":8521,"parent":8500,"menu_order":107,"comment_status":"closed","ping_status":"closed","template":"","meta":[],"_links":{"self":[{"href":"https:\/\/www.sankt-peter-koeln.de\/wp\/wp-json\/wp\/v2\/pages\/8522"}],"collection":[{"href":"https:\/\/www.sankt-peter-koeln.de\/wp\/wp-json\/wp\/v2\/pages"}],"about":[{"href":"https:\/\/www.sankt-peter-koeln.de\/wp\/wp-json\/wp\/v2\/types\/page"}],"author":[{"embeddable":true,"href":"https:\/\/www.sankt-peter-koeln.de\/wp\/wp-json\/wp\/v2\/users\/7"}],"replies":[{"embeddable":true,"href":"https:\/\/www.sankt-peter-koeln.de\/wp\/wp-json\/wp\/v2\/comments?post=8522"}],"version-history":[{"count":3,"href":"https:\/\/www.sankt-peter-koeln.de\/wp\/wp-json\/wp\/v2\/pages\/8522\/revisions"}],"predecessor-version":[{"id":8557,"href":"https:\/\/www.sankt-peter-koeln.de\/wp\/wp-json\/wp\/v2\/pages\/8522\/revisions\/8557"}],"up":[{"embeddable":true,"href":"https:\/\/www.sankt-peter-koeln.de\/wp\/wp-json\/wp\/v2\/pages\/8500"}],"wp:featuredmedia":[{"embeddable":true,"href":"https:\/\/www.sankt-peter-koeln.de\/wp\/wp-json\/wp\/v2\/media\/8521"}],"wp:attachment":[{"href":"https:\/\/www.sankt-peter-koeln.de\/wp\/wp-json\/wp\/v2\/media?parent=8522"}],"curies":[{"name":"wp","href":"https:\/\/api.w.org\/{rel}","templated":true}]}}